{"id":5033,"date":"2023-05-07T18:14:57","date_gmt":"2023-05-07T16:14:57","guid":{"rendered":"http:\/\/videostrains.com\/videostrains\/?page_id=5033"},"modified":"2025-10-16T10:43:44","modified_gmt":"2025-10-16T08:43:44","slug":"tournus-boyer-mai-2023","status":"publish","type":"page","link":"https:\/\/www.videostrains.com\/index.php\/tournus-boyer-mai-2023\/","title":{"rendered":"Tournus &#8211; Boyer Mai 2023"},"content":{"rendered":"\t\t<div data-elementor-type=\"wp-page\" data-elementor-id=\"5033\" class=\"elementor elementor-5033\">\n\t\t\t\t\t\t<section class=\"elementor-section elementor-top-section elementor-element elementor-element-f1b487c elementor-section-boxed elementor-section-height-default elementor-section-height-default wpr-particle-no wpr-jarallax-no wpr-parallax-no wpr-sticky-section-no\" data-id=\"f1b487c\" data-element_type=\"section\" data-e-type=\"section\">\n\t\t\t\t\t\t<div class=\"elementor-container elementor-column-gap-default\">\n\t\t\t\t\t<div class=\"elementor-column elementor-col-100 elementor-top-column elementor-element elementor-element-6470c49\" data-id=\"6470c49\" data-element_type=\"column\" data-e-type=\"column\">\n\t\t\t<div class=\"elementor-widget-wrap elementor-element-populated\">\n\t\t\t\t\t\t<section class=\"elementor-section elementor-inner-section elementor-element elementor-element-f4c6d9c elementor-section-boxed elementor-section-height-default elementor-section-height-default wpr-particle-no wpr-jarallax-no wpr-parallax-no wpr-sticky-section-no\" data-id=\"f4c6d9c\" data-element_type=\"section\" data-e-type=\"section\">\n\t\t\t\t\t\t<div class=\"elementor-container elementor-column-gap-default\">\n\t\t\t\t\t<div class=\"elementor-column elementor-col-100 elementor-inner-column elementor-element elementor-element-810a533\" data-id=\"810a533\" data-element_type=\"column\" data-e-type=\"column\">\n\t\t\t<div class=\"elementor-widget-wrap elementor-element-populated\">\n\t\t\t\t\t\t<div class=\"elementor-element elementor-element-0f8a33f elementor-widget elementor-widget-heading\" data-id=\"0f8a33f\" data-element_type=\"widget\" data-e-type=\"widget\" data-widget_type=\"heading.default\">\n\t\t\t\t<div class=\"elementor-widget-container\">\n\t\t\t\t\t<h1 class=\"elementor-heading-title elementor-size-default\">Une journ\u00e9e ferroviaire \u00e0 Tournus et Boyer<\/h1>\t\t\t\t<\/div>\n\t\t\t\t<\/div>\n\t\t\t\t\t<\/div>\n\t\t<\/div>\n\t\t\t\t\t<\/div>\n\t\t<\/section>\n\t\t\t\t<section class=\"elementor-section elementor-inner-section elementor-element elementor-element-4307a38 elementor-section-boxed elementor-section-height-default elementor-section-height-default wpr-particle-no wpr-jarallax-no wpr-parallax-no wpr-sticky-section-no\" data-id=\"4307a38\" data-element_type=\"section\" data-e-type=\"section\">\n\t\t\t\t\t\t<div class=\"elementor-container elementor-column-gap-default\">\n\t\t\t\t\t<div class=\"elementor-column elementor-col-100 elementor-inner-column elementor-element elementor-element-676d734\" data-id=\"676d734\" data-element_type=\"column\" data-e-type=\"column\">\n\t\t\t<div class=\"elementor-widget-wrap elementor-element-populated\">\n\t\t\t\t\t\t<div class=\"elementor-element elementor-element-d2f0945 e-transform elementor-widget elementor-widget-text-editor\" data-id=\"d2f0945\" data-element_type=\"widget\" data-e-type=\"widget\" data-settings=\"{&quot;_transform_scale_effect&quot;:{&quot;unit&quot;:&quot;px&quot;,&quot;size&quot;:1,&quot;sizes&quot;:[]},&quot;_transform_scale_effect_tablet&quot;:{&quot;unit&quot;:&quot;px&quot;,&quot;size&quot;:&quot;&quot;,&quot;sizes&quot;:[]},&quot;_transform_scale_effect_mobile&quot;:{&quot;unit&quot;:&quot;px&quot;,&quot;size&quot;:&quot;&quot;,&quot;sizes&quot;:[]}}\" data-widget_type=\"text-editor.default\">\n\t\t\t\t<div class=\"elementor-widget-container\">\n\t\t\t\t\t\t\t\t\t<p><i>En ce week-end du 8 Mai,alors que de nombreux amateurs du monde ferroviaire se rendaient \u00e0 Longueville pour le festival du train \u00e0 vapeur;je d\u00e9cidais de me contenter d&rsquo;une journ\u00e9e tranquille \u00e0 Boyer et Tournus sur le PLM.<br \/><\/i><\/p><p>Rejoint par P&#8230; qui a fini par pouvoir me rejoindre malgr\u00e9 un tout d\u00e9but de parcours chaotique au moment de prendre son train,nous avons photographi\u00e9 et film\u00e9 les trains \u00e0 Boyer,puis \u00e0 Tournus,ville limitrophe.<\/p><p>Le matin,le fret \u00e9tait assez pr\u00e9sent dans le sud Nord &#8211; Sud.<\/p><p>Sur le coup de midi,on d\u00e9cide\u00a0 de bouger pour aller 2 km en amont,afin de se mettre \u00e0 l&rsquo;ombre et d&rsquo;avoir une meilleur exposition des trains.<\/p><p>Comme on le savait,l&rsquo;apr\u00e8s-midi f\u00fbt beaucoup\u00a0 plus calme pour les trains descendants,mais prolifique pour les montants qui ne seront que film\u00e9s.<\/p><p>On a quand m\u00eame eu le droit a un int\u00e9ressant Strasbourg &#8211; Avignon qui semblait transporter un transformateur \u00e9lectrique.<\/p><p>Quelques secondes avant le passage de ce train,c&rsquo;est un court mais joli militaire qui surgissait derri\u00e8re nous;seule une vid\u00e9o f\u00fbt possible.<\/p><p>Ensuite,on profite d&rsquo;un trou dans les circulations ferroviaires,pour aller d\u00e9guster une glace.<\/p><p>On terminera la journ\u00e9e en se posant \u00e0 l&rsquo;ombre au Villar,dans le coin du Lavoir,afin de faire le Ouigo classique<\/p><p>\u00a0ainsi que quelques prises accessoires.<\/p><p>A 17 heures,direction la gare de Tournus pour que P&#8230; puisse prendre son train retour&#8230;..qui comme \u00e0 l&rsquo;aller,lui aura provoqu\u00e9 quelques sueurs quand \u00e0 la ponctualit\u00e9 d&rsquo;avoir sa correspondance pour arriver \u00e0 temps \u00e0 l&rsquo;heure de l&rsquo;ap\u00e9ritif.<\/p><p>\u00a0<\/p>\t\t\t\t\t\t\t\t<\/div>\n\t\t\t\t<\/div>\n\t\t\t\t\t<\/div>\n\t\t<\/div>\n\t\t\t\t\t<\/div>\n\t\t<\/section>\n\t\t\t\t<div class=\"elementor-element elementor-element-45d5f42 gallery-spacing-custom elementor-widget elementor-widget-image-gallery\" data-id=\"45d5f42\" data-element_type=\"widget\" data-e-type=\"widget\" data-widget_type=\"image-gallery.default\">\n\t\t\t\t<div class=\"elementor-widget-container\">\n\t\t\t\t\t\t\t<div class=\"elementor-image-gallery\">\n\t\t\t<div id='gallery-1' class='gallery galleryid-5033 gallery-columns-1 gallery-size-full'><figure class='gallery-item'>\n\t\t\t<div class='gallery-icon '>\n\t\t\t\t<a data-elementor-open-lightbox=\"yes\" data-elementor-lightbox-slideshow=\"45d5f42\" data-elementor-lightbox-title=\"BB27088 Stiring Wendel - Perpignan\" data-e-action-hash=\"#elementor-action%3Aaction%3Dlightbox%26settings%3DeyJpZCI6NTAzOCwidXJsIjoiaHR0cHM6XC9cL3d3dy52aWRlb3N0cmFpbnMuY29tXC93cC1jb250ZW50XC91cGxvYWRzXC8yMDIzXC8wNVwvSU1HXzIwNDMuYXZpZiIsInNsaWRlc2hvdyI6IjQ1ZDVmNDIifQ%3D%3D\" href='https:\/\/www.videostrains.com\/wp-content\/uploads\/2023\/05\/IMG_2043.avif'><img decoding=\"async\" src=\"https:\/\/www.videostrains.com\/wp-content\/uploads\/2023\/05\/IMG_2043.avif\" class=\"attachment-full size-full\" alt=\"\" aria-describedby=\"gallery-1-5038\"><\/a>\n\t\t\t<\/div>\n\t\t\t\t<figcaption class='wp-caption-text gallery-caption' id='gallery-1-5038'>\n\t\t\t\tBB27088 Stiring Wendel &#8211; Perpignan\n\t\t\t\t<\/figcaption><\/figure><figure class='gallery-item'>\n\t\t\t<div class='gallery-icon '>\n\t\t\t\t<a data-elementor-open-lightbox=\"yes\" data-elementor-lightbox-slideshow=\"45d5f42\" data-elementor-lightbox-title=\"BB27077 Woippy - Cerb\u00e8re\" data-e-action-hash=\"#elementor-action%3Aaction%3Dlightbox%26settings%3DeyJpZCI6NTAzOSwidXJsIjoiaHR0cHM6XC9cL3d3dy52aWRlb3N0cmFpbnMuY29tXC93cC1jb250ZW50XC91cGxvYWRzXC8yMDIzXC8wNVwvSU1HXzIwNjUuYXZpZiIsInNsaWRlc2hvdyI6IjQ1ZDVmNDIifQ%3D%3D\" href='https:\/\/www.videostrains.com\/wp-content\/uploads\/2023\/05\/IMG_2065.avif'><img decoding=\"async\" src=\"https:\/\/www.videostrains.com\/wp-content\/uploads\/2023\/05\/IMG_2065.avif\" class=\"attachment-full size-full\" alt=\"\" aria-describedby=\"gallery-1-5039\"><\/a>\n\t\t\t<\/div>\n\t\t\t\t<figcaption class='wp-caption-text gallery-caption' id='gallery-1-5039'>\n\t\t\t\tBB27077 Woippy &#8211; Cerb\u00e8re\n\t\t\t\t<\/figcaption><\/figure><figure class='gallery-item'>\n\t\t\t<div class='gallery-icon '>\n\t\t\t\t<a data-elementor-open-lightbox=\"yes\" data-elementor-lightbox-slideshow=\"45d5f42\" data-elementor-lightbox-title=\"Class 66231 pour ce haut le pied Chalon sur Sa\u00f4ne - Macon\" data-e-action-hash=\"#elementor-action%3Aaction%3Dlightbox%26settings%3DeyJpZCI6NTA0MCwidXJsIjoiaHR0cHM6XC9cL3d3dy52aWRlb3N0cmFpbnMuY29tXC93cC1jb250ZW50XC91cGxvYWRzXC8yMDIzXC8wNVwvSU1HXzIwNzYuYXZpZiIsInNsaWRlc2hvdyI6IjQ1ZDVmNDIifQ%3D%3D\" href='https:\/\/www.videostrains.com\/wp-content\/uploads\/2023\/05\/IMG_2076.avif'><img decoding=\"async\" src=\"https:\/\/www.videostrains.com\/wp-content\/uploads\/2023\/05\/IMG_2076.avif\" class=\"attachment-full size-full\" alt=\"\" aria-describedby=\"gallery-1-5040\"><\/a>\n\t\t\t<\/div>\n\t\t\t\t<figcaption class='wp-caption-text gallery-caption' id='gallery-1-5040'>\n\t\t\t\tClass 66231 pour ce haut le pied Chalon sur Sa\u00f4ne &#8211; Macon\n\t\t\t\t<\/figcaption><\/figure><figure class='gallery-item'>\n\t\t\t<div class='gallery-icon '>\n\t\t\t\t<a data-elementor-open-lightbox=\"yes\" data-elementor-lightbox-slideshow=\"45d5f42\" data-elementor-lightbox-title=\"BB37034 Akiem pour ce Calais - Macon\" data-e-action-hash=\"#elementor-action%3Aaction%3Dlightbox%26settings%3DeyJpZCI6NTA0MSwidXJsIjoiaHR0cHM6XC9cL3d3dy52aWRlb3N0cmFpbnMuY29tXC93cC1jb250ZW50XC91cGxvYWRzXC8yMDIzXC8wNVwvSU1HXzIwOTQuYXZpZiIsInNsaWRlc2hvdyI6IjQ1ZDVmNDIifQ%3D%3D\" href='https:\/\/www.videostrains.com\/wp-content\/uploads\/2023\/05\/IMG_2094.avif'><img decoding=\"async\" src=\"https:\/\/www.videostrains.com\/wp-content\/uploads\/2023\/05\/IMG_2094.avif\" class=\"attachment-full size-full\" alt=\"\" aria-describedby=\"gallery-1-5041\"><\/a>\n\t\t\t<\/div>\n\t\t\t\t<figcaption class='wp-caption-text gallery-caption' id='gallery-1-5041'>\n\t\t\t\tBB37034 Akiem pour ce Calais &#8211; Macon\n\t\t\t\t<\/figcaption><\/figure><figure class='gallery-item'>\n\t\t\t<div class='gallery-icon '>\n\t\t\t\t<a data-elementor-open-lightbox=\"yes\" data-elementor-lightbox-slideshow=\"45d5f42\" data-elementor-lightbox-title=\"Regiolis Paris - Lyon Part Dieu\" data-e-action-hash=\"#elementor-action%3Aaction%3Dlightbox%26settings%3DeyJpZCI6NTA0MiwidXJsIjoiaHR0cHM6XC9cL3d3dy52aWRlb3N0cmFpbnMuY29tXC93cC1jb250ZW50XC91cGxvYWRzXC8yMDIzXC8wNVwvSU1HXzIxMDUuYXZpZiIsInNsaWRlc2hvdyI6IjQ1ZDVmNDIifQ%3D%3D\" href='https:\/\/www.videostrains.com\/wp-content\/uploads\/2023\/05\/IMG_2105.avif'><img decoding=\"async\" src=\"https:\/\/www.videostrains.com\/wp-content\/uploads\/2023\/05\/IMG_2105.avif\" class=\"attachment-full size-full\" alt=\"\" aria-describedby=\"gallery-1-5042\"><\/a>\n\t\t\t<\/div>\n\t\t\t\t<figcaption class='wp-caption-text gallery-caption' id='gallery-1-5042'>\n\t\t\t\tRegiolis Paris &#8211; Lyon Part Dieu\n\t\t\t\t<\/figcaption><\/figure><figure class='gallery-item'>\n\t\t\t<div class='gallery-icon '>\n\t\t\t\t<a data-elementor-open-lightbox=\"yes\" data-elementor-lightbox-slideshow=\"45d5f42\" data-elementor-lightbox-title=\"TGV Luxembourg - Marseille\" data-e-action-hash=\"#elementor-action%3Aaction%3Dlightbox%26settings%3DeyJpZCI6NTA0MywidXJsIjoiaHR0cHM6XC9cL3d3dy52aWRlb3N0cmFpbnMuY29tXC93cC1jb250ZW50XC91cGxvYWRzXC8yMDIzXC8wNVwvSU1HXzIxMTIuYXZpZiIsInNsaWRlc2hvdyI6IjQ1ZDVmNDIifQ%3D%3D\" href='https:\/\/www.videostrains.com\/wp-content\/uploads\/2023\/05\/IMG_2112.avif'><img decoding=\"async\" src=\"https:\/\/www.videostrains.com\/wp-content\/uploads\/2023\/05\/IMG_2112.avif\" class=\"attachment-full size-full\" alt=\"\" aria-describedby=\"gallery-1-5043\"><\/a>\n\t\t\t<\/div>\n\t\t\t\t<figcaption class='wp-caption-text gallery-caption' id='gallery-1-5043'>\n\t\t\t\tTGV Luxembourg &#8211; Marseille\n\t\t\t\t<\/figcaption><\/figure><figure class='gallery-item'>\n\t\t\t<div class='gallery-icon '>\n\t\t\t\t<a data-elementor-open-lightbox=\"yes\" data-elementor-lightbox-slideshow=\"45d5f42\" data-elementor-lightbox-title=\"BB27089 Thionville - Cerb\u00e8re\" data-e-action-hash=\"#elementor-action%3Aaction%3Dlightbox%26settings%3DeyJpZCI6NTA0NCwidXJsIjoiaHR0cHM6XC9cL3d3dy52aWRlb3N0cmFpbnMuY29tXC93cC1jb250ZW50XC91cGxvYWRzXC8yMDIzXC8wNVwvSU1HXzIxMjMuYXZpZiIsInNsaWRlc2hvdyI6IjQ1ZDVmNDIifQ%3D%3D\" href='https:\/\/www.videostrains.com\/wp-content\/uploads\/2023\/05\/IMG_2123.avif'><img decoding=\"async\" src=\"https:\/\/www.videostrains.com\/wp-content\/uploads\/2023\/05\/IMG_2123.avif\" class=\"attachment-full size-full\" alt=\"\" aria-describedby=\"gallery-1-5044\"><\/a>\n\t\t\t<\/div>\n\t\t\t\t<figcaption class='wp-caption-text gallery-caption' id='gallery-1-5044'>\n\t\t\t\tBB27089 Thionville &#8211; Cerb\u00e8re\n\t\t\t\t<\/figcaption><\/figure><figure class='gallery-item'>\n\t\t\t<div class='gallery-icon '>\n\t\t\t\t<a data-elementor-open-lightbox=\"yes\" data-elementor-lightbox-slideshow=\"45d5f42\" data-elementor-lightbox-title=\"BB26092 Gevrey - Sibelin\" data-e-action-hash=\"#elementor-action%3Aaction%3Dlightbox%26settings%3DeyJpZCI6NTA0NSwidXJsIjoiaHR0cHM6XC9cL3d3dy52aWRlb3N0cmFpbnMuY29tXC93cC1jb250ZW50XC91cGxvYWRzXC8yMDIzXC8wNVwvSU1HXzIxMzcuYXZpZiIsInNsaWRlc2hvdyI6IjQ1ZDVmNDIifQ%3D%3D\" href='https:\/\/www.videostrains.com\/wp-content\/uploads\/2023\/05\/IMG_2137.avif'><img decoding=\"async\" src=\"https:\/\/www.videostrains.com\/wp-content\/uploads\/2023\/05\/IMG_2137.avif\" class=\"attachment-full size-full\" alt=\"\" aria-describedby=\"gallery-1-5045\"><\/a>\n\t\t\t<\/div>\n\t\t\t\t<figcaption class='wp-caption-text gallery-caption' id='gallery-1-5045'>\n\t\t\t\tBB26092 Gevrey &#8211; Sibelin\n\t\t\t\t<\/figcaption><\/figure><figure class='gallery-item'>\n\t\t\t<div class='gallery-icon '>\n\t\t\t\t<a data-elementor-open-lightbox=\"yes\" data-elementor-lightbox-slideshow=\"45d5f42\" data-elementor-lightbox-title=\"TGV Metz - Montpellier\" data-e-action-hash=\"#elementor-action%3Aaction%3Dlightbox%26settings%3DeyJpZCI6NTA0NiwidXJsIjoiaHR0cHM6XC9cL3d3dy52aWRlb3N0cmFpbnMuY29tXC93cC1jb250ZW50XC91cGxvYWRzXC8yMDIzXC8wNVwvSU1HXzIxNjMuYXZpZiIsInNsaWRlc2hvdyI6IjQ1ZDVmNDIifQ%3D%3D\" href='https:\/\/www.videostrains.com\/wp-content\/uploads\/2023\/05\/IMG_2163.avif'><img decoding=\"async\" src=\"https:\/\/www.videostrains.com\/wp-content\/uploads\/2023\/05\/IMG_2163.avif\" class=\"attachment-full size-full\" alt=\"\" aria-describedby=\"gallery-1-5046\"><\/a>\n\t\t\t<\/div>\n\t\t\t\t<figcaption class='wp-caption-text gallery-caption' id='gallery-1-5046'>\n\t\t\t\tTGV Metz &#8211; Montpellier\n\t\t\t\t<\/figcaption><\/figure><figure class='gallery-item'>\n\t\t\t<div class='gallery-icon '>\n\t\t\t\t<a data-elementor-open-lightbox=\"yes\" data-elementor-lightbox-slideshow=\"45d5f42\" data-elementor-lightbox-title=\"TER Dijon - Macon avec un AGC dont le pelicculage c\u00f4t\u00e9 rouge est d\u00e9labr\u00e9\" data-e-action-hash=\"#elementor-action%3Aaction%3Dlightbox%26settings%3DeyJpZCI6NTA0NywidXJsIjoiaHR0cHM6XC9cL3d3dy52aWRlb3N0cmFpbnMuY29tXC93cC1jb250ZW50XC91cGxvYWRzXC8yMDIzXC8wNVwvSU1HXzIxNzAuYXZpZiIsInNsaWRlc2hvdyI6IjQ1ZDVmNDIifQ%3D%3D\" href='https:\/\/www.videostrains.com\/wp-content\/uploads\/2023\/05\/IMG_2170.avif'><img decoding=\"async\" src=\"https:\/\/www.videostrains.com\/wp-content\/uploads\/2023\/05\/IMG_2170.avif\" class=\"attachment-full size-full\" alt=\"\" aria-describedby=\"gallery-1-5047\"><\/a>\n\t\t\t<\/div>\n\t\t\t\t<figcaption class='wp-caption-text gallery-caption' id='gallery-1-5047'>\n\t\t\t\tTER Dijon &#8211; Macon avec un AGC dont le pelicculage c\u00f4t\u00e9 rouge est d\u00e9labr\u00e9\n\t\t\t\t<\/figcaption><\/figure><figure class='gallery-item'>\n\t\t\t<div class='gallery-icon '>\n\t\t\t\t<a data-elementor-open-lightbox=\"yes\" data-elementor-lightbox-slideshow=\"45d5f42\" data-elementor-lightbox-title=\"TER Paris - Lyon Part Dieu\" data-e-action-hash=\"#elementor-action%3Aaction%3Dlightbox%26settings%3DeyJpZCI6NTA0OCwidXJsIjoiaHR0cHM6XC9cL3d3dy52aWRlb3N0cmFpbnMuY29tXC93cC1jb250ZW50XC91cGxvYWRzXC8yMDIzXC8wNVwvSU1HXzIxNzQuYXZpZiIsInNsaWRlc2hvdyI6IjQ1ZDVmNDIifQ%3D%3D\" href='https:\/\/www.videostrains.com\/wp-content\/uploads\/2023\/05\/IMG_2174.avif'><img decoding=\"async\" src=\"https:\/\/www.videostrains.com\/wp-content\/uploads\/2023\/05\/IMG_2174.avif\" class=\"attachment-full size-full\" alt=\"\" aria-describedby=\"gallery-1-5048\"><\/a>\n\t\t\t<\/div>\n\t\t\t\t<figcaption class='wp-caption-text gallery-caption' id='gallery-1-5048'>\n\t\t\t\tTER Paris &#8211; Lyon Part Dieu\n\t\t\t\t<\/figcaption><\/figure><figure class='gallery-item'>\n\t\t\t<div class='gallery-icon '>\n\t\t\t\t<a data-elementor-open-lightbox=\"yes\" data-elementor-lightbox-slideshow=\"45d5f42\" data-elementor-lightbox-title=\"BB27056 Strasbourg - Avignon Fontcouverte avec un transformateur\" data-e-action-hash=\"#elementor-action%3Aaction%3Dlightbox%26settings%3DeyJpZCI6NTA0OSwidXJsIjoiaHR0cHM6XC9cL3d3dy52aWRlb3N0cmFpbnMuY29tXC93cC1jb250ZW50XC91cGxvYWRzXC8yMDIzXC8wNVwvSU1HXzIxODEuYXZpZiIsInNsaWRlc2hvdyI6IjQ1ZDVmNDIifQ%3D%3D\" href='https:\/\/www.videostrains.com\/wp-content\/uploads\/2023\/05\/IMG_2181.avif'><img decoding=\"async\" src=\"https:\/\/www.videostrains.com\/wp-content\/uploads\/2023\/05\/IMG_2181.avif\" class=\"attachment-full size-full\" alt=\"\" aria-describedby=\"gallery-1-5049\"><\/a>\n\t\t\t<\/div>\n\t\t\t\t<figcaption class='wp-caption-text gallery-caption' id='gallery-1-5049'>\n\t\t\t\tBB27056 Strasbourg &#8211; Avignon Fontcouverte avec un transformateur\n\t\t\t\t<\/figcaption><\/figure><figure class='gallery-item'>\n\t\t\t<div class='gallery-icon '>\n\t\t\t\t<a data-elementor-open-lightbox=\"yes\" data-elementor-lightbox-slideshow=\"45d5f42\" data-elementor-lightbox-title=\"BIBI Dijon - Lyon Part Dieu\" data-e-action-hash=\"#elementor-action%3Aaction%3Dlightbox%26settings%3DeyJpZCI6NTA1MCwidXJsIjoiaHR0cHM6XC9cL3d3dy52aWRlb3N0cmFpbnMuY29tXC93cC1jb250ZW50XC91cGxvYWRzXC8yMDIzXC8wNVwvSU1HXzIxOTguYXZpZiIsInNsaWRlc2hvdyI6IjQ1ZDVmNDIifQ%3D%3D\" href='https:\/\/www.videostrains.com\/wp-content\/uploads\/2023\/05\/IMG_2198.avif'><img decoding=\"async\" src=\"https:\/\/www.videostrains.com\/wp-content\/uploads\/2023\/05\/IMG_2198.avif\" class=\"attachment-full size-full\" alt=\"\" aria-describedby=\"gallery-1-5050\"><\/a>\n\t\t\t<\/div>\n\t\t\t\t<figcaption class='wp-caption-text gallery-caption' id='gallery-1-5050'>\n\t\t\t\tBIBI Dijon &#8211; Lyon Part Dieu\n\t\t\t\t<\/figcaption><\/figure><figure class='gallery-item'>\n\t\t\t<div class='gallery-icon '>\n\t\t\t\t<a data-elementor-open-lightbox=\"yes\" data-elementor-lightbox-slideshow=\"45d5f42\" data-elementor-lightbox-title=\"BB22340 Ouigo classique Paris - Lyon\" data-e-action-hash=\"#elementor-action%3Aaction%3Dlightbox%26settings%3DeyJpZCI6NTA1MSwidXJsIjoiaHR0cHM6XC9cL3d3dy52aWRlb3N0cmFpbnMuY29tXC93cC1jb250ZW50XC91cGxvYWRzXC8yMDIzXC8wNVwvSU1HXzIyMTAuYXZpZiIsInNsaWRlc2hvdyI6IjQ1ZDVmNDIifQ%3D%3D\" href='https:\/\/www.videostrains.com\/wp-content\/uploads\/2023\/05\/IMG_2210.avif'><img decoding=\"async\" src=\"https:\/\/www.videostrains.com\/wp-content\/uploads\/2023\/05\/IMG_2210.avif\" class=\"attachment-full size-full\" alt=\"\" aria-describedby=\"gallery-1-5051\"><\/a>\n\t\t\t<\/div>\n\t\t\t\t<figcaption class='wp-caption-text gallery-caption' id='gallery-1-5051'>\n\t\t\t\tBB22340 Ouigo classique Paris &#8211; Lyon\n\t\t\t\t<\/figcaption><\/figure><figure class='gallery-item'>\n\t\t\t<div class='gallery-icon '>\n\t\t\t\t<a data-elementor-open-lightbox=\"yes\" data-elementor-lightbox-slideshow=\"45d5f42\" data-elementor-lightbox-title=\"TGV Luxembourg - Montpellier CNM\" data-e-action-hash=\"#elementor-action%3Aaction%3Dlightbox%26settings%3DeyJpZCI6NTA1MiwidXJsIjoiaHR0cHM6XC9cL3d3dy52aWRlb3N0cmFpbnMuY29tXC93cC1jb250ZW50XC91cGxvYWRzXC8yMDIzXC8wNVwvSU1HXzIyMjUuYXZpZiIsInNsaWRlc2hvdyI6IjQ1ZDVmNDIifQ%3D%3D\" href='https:\/\/www.videostrains.com\/wp-content\/uploads\/2023\/05\/IMG_2225.avif'><img decoding=\"async\" src=\"https:\/\/www.videostrains.com\/wp-content\/uploads\/2023\/05\/IMG_2225.avif\" class=\"attachment-full size-full\" alt=\"\" aria-describedby=\"gallery-1-5052\"><\/a>\n\t\t\t<\/div>\n\t\t\t\t<figcaption class='wp-caption-text gallery-caption' id='gallery-1-5052'>\n\t\t\t\tTGV Luxembourg &#8211; Montpellier CNM\n\t\t\t\t<\/figcaption><\/figure>\n\t\t<\/div>\n\t\t<\/div>\n\t\t\t\t\t\t<\/div>\n\t\t\t\t<\/div>\n\t\t\t\t\t<\/div>\n\t\t<\/div>\n\t\t\t\t\t<\/div>\n\t\t<\/section>\n\t\t\t\t<section class=\"elementor-section elementor-top-section elementor-element elementor-element-48a266b3 elementor-section-full_width elementor-section-height-default elementor-section-height-default wpr-particle-no wpr-jarallax-no wpr-parallax-no wpr-sticky-section-no\" data-id=\"48a266b3\" data-element_type=\"section\" data-e-type=\"section\">\n\t\t\t\t\t\t<div class=\"elementor-container elementor-column-gap-default\">\n\t\t\t\t\t<div class=\"elementor-column elementor-col-100 elementor-top-column elementor-element elementor-element-477e2510\" data-id=\"477e2510\" data-element_type=\"column\" data-e-type=\"column\">\n\t\t\t<div class=\"elementor-widget-wrap\">\n\t\t\t\t\t\t\t<\/div>\n\t\t<\/div>\n\t\t\t\t\t<\/div>\n\t\t<\/section>\n\t\t\t\t<\/div>\n\t\t","protected":false},"excerpt":{"rendered":"<p>Une journ\u00e9e ferroviaire \u00e0 Tournus et Boyer En ce week-end du 8 Mai,alors que de nombreux amateurs du monde ferroviaire se rendaient \u00e0 Longueville pour le festival du train \u00e0 vapeur;je d\u00e9cidais de me contenter d&rsquo;une journ\u00e9e tranquille \u00e0 Boyer et Tournus sur le PLM. Rejoint par P&#8230; qui a fini par pouvoir me rejoindre malgr\u00e9 un tout d\u00e9but de parcours chaotique au moment de prendre son train,nous avons photographi\u00e9 et film\u00e9 les trains \u00e0 Boyer,puis \u00e0 Tournus,ville limitrophe. Le matin,le fret \u00e9tait assez pr\u00e9sent dans le sud Nord &#8211; Sud. Sur le coup de midi,on d\u00e9cide\u00a0 de bouger pour aller 2 km en amont,afin de se mettre \u00e0 l&rsquo;ombre et d&rsquo;avoir une meilleur exposition des trains. Comme on le savait,l&rsquo;apr\u00e8s-midi f\u00fbt beaucoup\u00a0 plus calme pour les trains descendants,mais prolifique pour les montants qui ne seront que film\u00e9s. On a quand m\u00eame eu le droit a un int\u00e9ressant Strasbourg &#8211; Avignon qui semblait transporter un transformateur \u00e9lectrique. Quelques secondes avant le passage de ce train,c&rsquo;est un court mais joli militaire qui surgissait derri\u00e8re nous;seule une vid\u00e9o f\u00fbt possible. Ensuite,on profite d&rsquo;un trou dans les circulations ferroviaires,pour aller d\u00e9guster une glace. On terminera la journ\u00e9e en se posant \u00e0 l&rsquo;ombre au Villar,dans le coin du Lavoir,afin de faire le Ouigo classique \u00a0ainsi que quelques prises accessoires. A 17 heures,direction la gare de Tournus pour que P&#8230; puisse prendre son train retour&#8230;..qui comme \u00e0 l&rsquo;aller,lui aura provoqu\u00e9 quelques sueurs quand \u00e0 la ponctualit\u00e9 d&rsquo;avoir sa correspondance pour arriver \u00e0 temps \u00e0 l&rsquo;heure de l&rsquo;ap\u00e9ritif. \u00a0 BB27088 Stiring Wendel &#8211; Perpignan BB27077 Woippy &#8211; Cerb\u00e8re Class 66231 pour ce haut le pied Chalon sur Sa\u00f4ne &#8211; Macon BB37034 Akiem pour ce Calais &#8211; Macon Regiolis Paris &#8211; Lyon Part Dieu TGV Luxembourg &#8211; Marseille BB27089 Thionville &#8211; Cerb\u00e8re BB26092 Gevrey &#8211; Sibelin TGV Metz &#8211; Montpellier TER Dijon &#8211; Macon avec un AGC dont le pelicculage c\u00f4t\u00e9 rouge est d\u00e9labr\u00e9 TER Paris &#8211; Lyon Part Dieu BB27056 Strasbourg &#8211; Avignon Fontcouverte avec un transformateur BIBI Dijon &#8211; Lyon Part Dieu BB22340 Ouigo classique Paris &#8211; Lyon TGV Luxembourg &#8211; Montpellier CNM<\/p>\n","protected":false},"author":2,"featured_media":0,"parent":0,"menu_order":86,"comment_status":"closed","ping_status":"closed","template":"","meta":{"ocean_post_layout":"","ocean_both_sidebars_style":"","ocean_both_sidebars_content_width":0,"ocean_both_sidebars_sidebars_width":0,"ocean_sidebar":"0","ocean_second_sidebar":"0","ocean_disable_margins":"enable","ocean_add_body_class":"","ocean_shortcode_before_top_bar":"","ocean_shortcode_after_top_bar":"","ocean_shortcode_before_header":"","ocean_shortcode_after_header":"","ocean_has_shortcode":"","ocean_shortcode_after_title":"","ocean_shortcode_before_footer_widgets":"","ocean_shortcode_after_footer_widgets":"","ocean_shortcode_before_footer_bottom":"","ocean_shortcode_after_footer_bottom":"","ocean_display_top_bar":"default","ocean_display_header":"default","ocean_header_style":"","ocean_center_header_left_menu":"0","ocean_custom_header_template":"0","ocean_custom_logo":0,"ocean_custom_retina_logo":0,"ocean_custom_logo_max_width":0,"ocean_custom_logo_tablet_max_width":0,"ocean_custom_logo_mobile_max_width":0,"ocean_custom_logo_max_height":0,"ocean_custom_logo_tablet_max_height":0,"ocean_custom_logo_mobile_max_height":0,"ocean_header_custom_menu":"0","ocean_menu_typo_font_family":"0","ocean_menu_typo_font_subset":"","ocean_menu_typo_font_size":0,"ocean_menu_typo_font_size_tablet":0,"ocean_menu_typo_font_size_mobile":0,"ocean_menu_typo_font_size_unit":"px","ocean_menu_typo_font_weight":"","ocean_menu_typo_font_weight_tablet":"","ocean_menu_typo_font_weight_mobile":"","ocean_menu_typo_transform":"","ocean_menu_typo_transform_tablet":"","ocean_menu_typo_transform_mobile":"","ocean_menu_typo_line_height":0,"ocean_menu_typo_line_height_tablet":0,"ocean_menu_typo_line_height_mobile":0,"ocean_menu_typo_line_height_unit":"","ocean_menu_typo_spacing":0,"ocean_menu_typo_spacing_tablet":0,"ocean_menu_typo_spacing_mobile":0,"ocean_menu_typo_spacing_unit":"","ocean_menu_link_color":"","ocean_menu_link_color_hover":"","ocean_menu_link_color_active":"","ocean_menu_link_background":"","ocean_menu_link_hover_background":"","ocean_menu_link_active_background":"","ocean_menu_social_links_bg":"","ocean_menu_social_hover_links_bg":"","ocean_menu_social_links_color":"","ocean_menu_social_hover_links_color":"","ocean_disable_title":"default","ocean_disable_heading":"default","ocean_post_title":"","ocean_post_subheading":"","ocean_post_title_style":"","ocean_post_title_background_color":"","ocean_post_title_background":0,"ocean_post_title_bg_image_position":"","ocean_post_title_bg_image_attachment":"","ocean_post_title_bg_image_repeat":"","ocean_post_title_bg_image_size":"","ocean_post_title_height":0,"ocean_post_title_bg_overlay":0.5,"ocean_post_title_bg_overlay_color":"","ocean_disable_breadcrumbs":"default","ocean_breadcrumbs_color":"","ocean_breadcrumbs_separator_color":"","ocean_breadcrumbs_links_color":"","ocean_breadcrumbs_links_hover_color":"","ocean_display_footer_widgets":"default","ocean_display_footer_bottom":"default","ocean_custom_footer_template":"0","footnotes":""},"class_list":["post-5033","page","type-page","status-publish","hentry","entry"],"_links":{"self":[{"href":"https:\/\/www.videostrains.com\/index.php\/wp-json\/wp\/v2\/pages\/5033","targetHints":{"allow":["GET"]}}],"collection":[{"href":"https:\/\/www.videostrains.com\/index.php\/wp-json\/wp\/v2\/pages"}],"about":[{"href":"https:\/\/www.videostrains.com\/index.php\/wp-json\/wp\/v2\/types\/page"}],"author":[{"embeddable":true,"href":"https:\/\/www.videostrains.com\/index.php\/wp-json\/wp\/v2\/users\/2"}],"replies":[{"embeddable":true,"href":"https:\/\/www.videostrains.com\/index.php\/wp-json\/wp\/v2\/comments?post=5033"}],"version-history":[{"count":0,"href":"https:\/\/www.videostrains.com\/index.php\/wp-json\/wp\/v2\/pages\/5033\/revisions"}],"wp:attachment":[{"href":"https:\/\/www.videostrains.com\/index.php\/wp-json\/wp\/v2\/media?parent=5033"}],"curies":[{"name":"wp","href":"https:\/\/api.w.org\/{rel}","templated":true}]}}