{"id":3875,"date":"2023-04-18T12:57:26","date_gmt":"2023-04-18T10:57:26","guid":{"rendered":"http:\/\/videostrains.com\/videostrains\/?page_id=3875"},"modified":"2025-10-01T13:01:56","modified_gmt":"2025-10-01T11:01:56","slug":"photos-trains-bourgogne","status":"publish","type":"page","link":"https:\/\/www.videostrains.com\/index.php\/photos-trains-bourgogne\/","title":{"rendered":"Photos de trains sur PLM et LGV &#8211; Septembre 2019"},"content":{"rendered":"\t\t<div data-elementor-type=\"wp-page\" data-elementor-id=\"3875\" class=\"elementor elementor-3875\">\n\t\t\t\t\t\t<section class=\"elementor-section elementor-top-section elementor-element elementor-element-f1b487c elementor-section-boxed elementor-section-height-default elementor-section-height-default wpr-particle-no wpr-jarallax-no wpr-parallax-no wpr-sticky-section-no\" data-id=\"f1b487c\" data-element_type=\"section\" data-e-type=\"section\">\n\t\t\t\t\t\t<div class=\"elementor-container elementor-column-gap-default\">\n\t\t\t\t\t<div class=\"elementor-column elementor-col-100 elementor-top-column elementor-element elementor-element-6470c49\" data-id=\"6470c49\" data-element_type=\"column\" data-e-type=\"column\">\n\t\t\t<div class=\"elementor-widget-wrap elementor-element-populated\">\n\t\t\t\t\t\t<section class=\"elementor-section elementor-inner-section elementor-element elementor-element-f4c6d9c elementor-section-boxed elementor-section-height-default elementor-section-height-default wpr-particle-no wpr-jarallax-no wpr-parallax-no wpr-sticky-section-no\" data-id=\"f4c6d9c\" data-element_type=\"section\" data-e-type=\"section\">\n\t\t\t\t\t\t<div class=\"elementor-container elementor-column-gap-default\">\n\t\t\t\t\t<div class=\"elementor-column elementor-col-100 elementor-inner-column elementor-element elementor-element-810a533\" data-id=\"810a533\" data-element_type=\"column\" data-e-type=\"column\">\n\t\t\t<div class=\"elementor-widget-wrap elementor-element-populated\">\n\t\t\t\t\t\t<div class=\"elementor-element elementor-element-0f8a33f elementor-widget elementor-widget-heading\" data-id=\"0f8a33f\" data-element_type=\"widget\" data-e-type=\"widget\" data-widget_type=\"heading.default\">\n\t\t\t\t<div class=\"elementor-widget-container\">\n\t\t\t\t\t<h1 class=\"elementor-heading-title elementor-size-default\">trains Sur le PLM et LGV le 20\/09\/2019<\/h1>\t\t\t\t<\/div>\n\t\t\t\t<\/div>\n\t\t\t\t<div class=\"elementor-element elementor-element-4571424 elementor-widget elementor-widget-heading\" data-id=\"4571424\" data-element_type=\"widget\" data-e-type=\"widget\" data-widget_type=\"heading.default\">\n\t\t\t\t<div class=\"elementor-widget-container\">\n\t\t\t\t\t<h2 class=\"elementor-heading-title elementor-size-default\">S\u00e9rie de Photos de trains \u00e0 l'occasion de circulations exceptionelles<\/h2>\t\t\t\t<\/div>\n\t\t\t\t<\/div>\n\t\t\t\t\t<\/div>\n\t\t<\/div>\n\t\t\t\t\t<\/div>\n\t\t<\/section>\n\t\t\t\t<section class=\"elementor-section elementor-inner-section elementor-element elementor-element-fd2e62e elementor-section-boxed elementor-section-height-default elementor-section-height-default wpr-particle-no wpr-jarallax-no wpr-parallax-no wpr-sticky-section-no\" data-id=\"fd2e62e\" data-element_type=\"section\" data-e-type=\"section\">\n\t\t\t\t\t\t<div class=\"elementor-container elementor-column-gap-default\">\n\t\t\t\t\t<div class=\"elementor-column elementor-col-100 elementor-inner-column elementor-element elementor-element-deff257\" data-id=\"deff257\" data-element_type=\"column\" data-e-type=\"column\">\n\t\t\t<div class=\"elementor-widget-wrap elementor-element-populated\">\n\t\t\t\t\t\t<div class=\"elementor-element elementor-element-2fbd60e e-transform elementor-widget elementor-widget-text-editor\" data-id=\"2fbd60e\" data-element_type=\"widget\" data-e-type=\"widget\" data-settings=\"{&quot;_transform_scale_effect&quot;:{&quot;unit&quot;:&quot;px&quot;,&quot;size&quot;:1,&quot;sizes&quot;:[]},&quot;_transform_scale_effect_tablet&quot;:{&quot;unit&quot;:&quot;px&quot;,&quot;size&quot;:&quot;&quot;,&quot;sizes&quot;:[]},&quot;_transform_scale_effect_mobile&quot;:{&quot;unit&quot;:&quot;px&quot;,&quot;size&quot;:&quot;&quot;,&quot;sizes&quot;:[]}}\" data-widget_type=\"text-editor.default\">\n\t\t\t\t<div class=\"elementor-widget-container\">\n\t\t\t\t\t\t\t\t\t<p align=\"center\"><i>En cette magnifique journ\u00e9e de Septembre,avec BG&#8230;&#8230; nous rejoignons C&#8230;&#8230; pour un train \u00ab\u00a0sp\u00e9cial\u00a0\u00bb.<\/i><\/p><p align=\"center\"><i>Bien que n&rsquo;\u00e9tant pas \u00ab\u00a0sp\u00e9ciaux\u00a0\u00bb,certains des autres trains \u00e9taient toutefois tr\u00e8s int\u00e9ressants,<\/i><i>car ils se font rares ou vont <\/i><i>prochainement disparaitre.<\/i><i><br \/><\/i><\/p><p align=\"center\"><i>Apr\u00e8s avoir manqu\u00e9 in-extremis une E186 Lin\u00e9as en avance sur son horaire,<\/i><i>nous aurons droit \u00e0 une belle compensation avec la BB26063 comme surprise.<\/i><\/p><p align=\"center\">L&rsquo;apr\u00e8s-midi,nous ferons quelques trains le temps de casser la cro\u00fbte,puis nous terminerons la journ\u00e9e en nous arr\u00eatant faire du TGV dans le Clunysois sur la route du retour.<\/p>\t\t\t\t\t\t\t\t<\/div>\n\t\t\t\t<\/div>\n\t\t\t\t\t<\/div>\n\t\t<\/div>\n\t\t\t\t\t<\/div>\n\t\t<\/section>\n\t\t\t\t<div class=\"elementor-element elementor-element-ab16859 gallery-spacing-custom elementor-widget elementor-widget-image-gallery\" data-id=\"ab16859\" data-element_type=\"widget\" data-e-type=\"widget\" data-widget_type=\"image-gallery.default\">\n\t\t\t\t<div class=\"elementor-widget-container\">\n\t\t\t\t\t\t\t<div class=\"elementor-image-gallery\">\n\t\t\t<div id='gallery-1' class='gallery galleryid-3875 gallery-columns-1 gallery-size-full'><figure class='gallery-item'>\n\t\t\t<div class='gallery-icon '>\n\t\t\t\t<a data-elementor-open-lightbox=\"yes\" data-elementor-lightbox-slideshow=\"ab16859\" data-elementor-lightbox-title=\"IMG_0772m\" data-e-action-hash=\"#elementor-action%3Aaction%3Dlightbox%26settings%3DeyJpZCI6Mzg4MSwidXJsIjoiaHR0cHM6XC9cL3d3dy52aWRlb3N0cmFpbnMuY29tXC93cC1jb250ZW50XC91cGxvYWRzXC8yMDIzXC8wNFwvSU1HXzA3NzJtLTEuYXZpZiIsInNsaWRlc2hvdyI6ImFiMTY4NTkifQ%3D%3D\" href='https:\/\/www.videostrains.com\/wp-content\/uploads\/2023\/04\/IMG_0772m-1.avif'><img decoding=\"async\" src=\"https:\/\/www.videostrains.com\/wp-content\/uploads\/2023\/04\/IMG_0772m-1.avif\" class=\"attachment-full size-full\" alt=\"\" aria-describedby=\"gallery-1-3881\"><\/a>\n\t\t\t<\/div>\n\t\t\t\t<figcaption class='wp-caption-text gallery-caption' id='gallery-1-3881'>\n\t\t\t\tla BB26063 et un combin\u00e9,juste avant Tournus\n\t\t\t\t<\/figcaption><\/figure><figure class='gallery-item'>\n\t\t\t<div class='gallery-icon '>\n\t\t\t\t<a data-elementor-open-lightbox=\"yes\" data-elementor-lightbox-slideshow=\"ab16859\" data-elementor-lightbox-title=\"IMG_079m1\" data-e-action-hash=\"#elementor-action%3Aaction%3Dlightbox%26settings%3DeyJpZCI6Mzg5MywidXJsIjoiaHR0cHM6XC9cL3d3dy52aWRlb3N0cmFpbnMuY29tXC93cC1jb250ZW50XC91cGxvYWRzXC8yMDIzXC8wNFwvSU1HXzA3OW0xLmF2aWYiLCJzbGlkZXNob3ciOiJhYjE2ODU5In0%3D\" href='https:\/\/www.videostrains.com\/wp-content\/uploads\/2023\/04\/IMG_079m1.avif'><img decoding=\"async\" src=\"https:\/\/www.videostrains.com\/wp-content\/uploads\/2023\/04\/IMG_079m1.avif\" class=\"attachment-full size-full\" alt=\"\" aria-describedby=\"gallery-1-3893\"><\/a>\n\t\t\t<\/div>\n\t\t\t\t<figcaption class='wp-caption-text gallery-caption' id='gallery-1-3893'>\n\t\t\t\tUne B5 pouss\u00e9e pour ce Dijon a destination de Lyon Part Dieu\n\t\t\t\t<\/figcaption><\/figure><figure class='gallery-item'>\n\t\t\t<div class='gallery-icon '>\n\t\t\t\t<a data-elementor-open-lightbox=\"yes\" data-elementor-lightbox-slideshow=\"ab16859\" data-elementor-lightbox-title=\"IMG_0785m\" data-e-action-hash=\"#elementor-action%3Aaction%3Dlightbox%26settings%3DeyJpZCI6Mzg4MiwidXJsIjoiaHR0cHM6XC9cL3d3dy52aWRlb3N0cmFpbnMuY29tXC93cC1jb250ZW50XC91cGxvYWRzXC8yMDIzXC8wNFwvSU1HXzA3ODVtLmF2aWYiLCJzbGlkZXNob3ciOiJhYjE2ODU5In0%3D\" href='https:\/\/www.videostrains.com\/wp-content\/uploads\/2023\/04\/IMG_0785m.avif'><img decoding=\"async\" src=\"https:\/\/www.videostrains.com\/wp-content\/uploads\/2023\/04\/IMG_0785m.avif\" class=\"attachment-full size-full\" alt=\"\" aria-describedby=\"gallery-1-3882\"><\/a>\n\t\t\t<\/div>\n\t\t\t\t<figcaption class='wp-caption-text gallery-caption' id='gallery-1-3882'>\n\t\t\t\tC&rsquo;est pas celle qu&rsquo;on aurait aim\u00e9 faire,mais voici tout de m\u00eame une E186\n\t\t\t\t<\/figcaption><\/figure><figure class='gallery-item'>\n\t\t\t<div class='gallery-icon '>\n\t\t\t\t<a data-elementor-open-lightbox=\"yes\" data-elementor-lightbox-slideshow=\"ab16859\" data-elementor-lightbox-title=\"IMG_0796m\" data-e-action-hash=\"#elementor-action%3Aaction%3Dlightbox%26settings%3DeyJpZCI6Mzg4MywidXJsIjoiaHR0cHM6XC9cL3d3dy52aWRlb3N0cmFpbnMuY29tXC93cC1jb250ZW50XC91cGxvYWRzXC8yMDIzXC8wNFwvSU1HXzA3OTZtLmF2aWYiLCJzbGlkZXNob3ciOiJhYjE2ODU5In0%3D\" href='https:\/\/www.videostrains.com\/wp-content\/uploads\/2023\/04\/IMG_0796m.avif'><img decoding=\"async\" src=\"https:\/\/www.videostrains.com\/wp-content\/uploads\/2023\/04\/IMG_0796m.avif\" class=\"attachment-full size-full\" alt=\"\" aria-describedby=\"gallery-1-3883\"><\/a>\n\t\t\t<\/div>\n\t\t\t\t<figcaption class='wp-caption-text gallery-caption' id='gallery-1-3883'>\n\t\t\t\tSp\u00e9cialit\u00e9 Rh\u00f4nalpine,une B6 \u00ab\u00a0nez de boeuf\u00a0\u00bb\n\t\t\t\t<\/figcaption><\/figure><figure class='gallery-item'>\n\t\t\t<div class='gallery-icon '>\n\t\t\t\t<a data-elementor-open-lightbox=\"yes\" data-elementor-lightbox-slideshow=\"ab16859\" data-elementor-lightbox-title=\"IMG_0806m\" data-e-action-hash=\"#elementor-action%3Aaction%3Dlightbox%26settings%3DeyJpZCI6Mzg4NCwidXJsIjoiaHR0cHM6XC9cL3d3dy52aWRlb3N0cmFpbnMuY29tXC93cC1jb250ZW50XC91cGxvYWRzXC8yMDIzXC8wNFwvSU1HXzA4MDZtLTEuYXZpZiIsInNsaWRlc2hvdyI6ImFiMTY4NTkifQ%3D%3D\" href='https:\/\/www.videostrains.com\/wp-content\/uploads\/2023\/04\/IMG_0806m-1.avif'><img decoding=\"async\" src=\"https:\/\/www.videostrains.com\/wp-content\/uploads\/2023\/04\/IMG_0806m-1.avif\" class=\"attachment-full size-full\" alt=\"\" aria-describedby=\"gallery-1-3884\"><\/a>\n\t\t\t<\/div>\n\t\t\t\t<figcaption class='wp-caption-text gallery-caption' id='gallery-1-3884'>\n\t\t\t\tUn certain P&#8230;,\u00e9tait impatient de voir celle qui a motiv\u00e9 l&rsquo;expedition;voici donc la BB25236 et l&rsquo;Orient Express,  qui sera expos\u00e9 \u00e0 Lyon Perrache pour les journ\u00e9es du patrimoine\n\t\t\t\t<\/figcaption><\/figure><figure class='gallery-item'>\n\t\t\t<div class='gallery-icon '>\n\t\t\t\t<a data-elementor-open-lightbox=\"yes\" data-elementor-lightbox-slideshow=\"ab16859\" data-elementor-lightbox-title=\"IMG_0821m\" data-e-action-hash=\"#elementor-action%3Aaction%3Dlightbox%26settings%3DeyJpZCI6Mzg4NSwidXJsIjoiaHR0cHM6XC9cL3d3dy52aWRlb3N0cmFpbnMuY29tXC93cC1jb250ZW50XC91cGxvYWRzXC8yMDIzXC8wNFwvSU1HXzA4MjFtLmF2aWYiLCJzbGlkZXNob3ciOiJhYjE2ODU5In0%3D\" href='https:\/\/www.videostrains.com\/wp-content\/uploads\/2023\/04\/IMG_0821m.avif'><img decoding=\"async\" src=\"https:\/\/www.videostrains.com\/wp-content\/uploads\/2023\/04\/IMG_0821m.avif\" class=\"attachment-full size-full\" alt=\"\" aria-describedby=\"gallery-1-3885\"><\/a>\n\t\t\t<\/div>\n\t\t\t\t<figcaption class='wp-caption-text gallery-caption' id='gallery-1-3885'>\n\t\t\t\tAllez,encore un truc qui se fait doublement rare,car c&rsquo;est une 3 feux;une Sybic en livr\u00e9e b\u00e9ton,la BB 26220\n\t\t\t\t<\/figcaption><\/figure><figure class='gallery-item'>\n\t\t\t<div class='gallery-icon '>\n\t\t\t\t<a data-elementor-open-lightbox=\"yes\" data-elementor-lightbox-slideshow=\"ab16859\" data-elementor-lightbox-title=\"IMG_0828m\" data-e-action-hash=\"#elementor-action%3Aaction%3Dlightbox%26settings%3DeyJpZCI6Mzg4NiwidXJsIjoiaHR0cHM6XC9cL3d3dy52aWRlb3N0cmFpbnMuY29tXC93cC1jb250ZW50XC91cGxvYWRzXC8yMDIzXC8wNFwvSU1HXzA4MjhtLmF2aWYiLCJzbGlkZXNob3ciOiJhYjE2ODU5In0%3D\" href='https:\/\/www.videostrains.com\/wp-content\/uploads\/2023\/04\/IMG_0828m.avif'><img decoding=\"async\" src=\"https:\/\/www.videostrains.com\/wp-content\/uploads\/2023\/04\/IMG_0828m.avif\" class=\"attachment-full size-full\" alt=\"\" aria-describedby=\"gallery-1-3886\"><\/a>\n\t\t\t<\/div>\n\t\t\t\t<figcaption class='wp-caption-text gallery-caption' id='gallery-1-3886'>\n\t\t\t\tLa BB 27056 et un combin\u00e9\n\t\t\t\t<\/figcaption><\/figure><figure class='gallery-item'>\n\t\t\t<div class='gallery-icon '>\n\t\t\t\t<a data-elementor-open-lightbox=\"yes\" data-elementor-lightbox-slideshow=\"ab16859\" data-elementor-lightbox-title=\"IMG_0833m\" data-e-action-hash=\"#elementor-action%3Aaction%3Dlightbox%26settings%3DeyJpZCI6Mzg4NywidXJsIjoiaHR0cHM6XC9cL3d3dy52aWRlb3N0cmFpbnMuY29tXC93cC1jb250ZW50XC91cGxvYWRzXC8yMDIzXC8wNFwvSU1HXzA4MzNtLmF2aWYiLCJzbGlkZXNob3ciOiJhYjE2ODU5In0%3D\" href='https:\/\/www.videostrains.com\/wp-content\/uploads\/2023\/04\/IMG_0833m.avif'><img decoding=\"async\" src=\"https:\/\/www.videostrains.com\/wp-content\/uploads\/2023\/04\/IMG_0833m.avif\" class=\"attachment-full size-full\" alt=\"\" aria-describedby=\"gallery-1-3887\"><\/a>\n\t\t\t<\/div>\n\t\t\t\t<figcaption class='wp-caption-text gallery-caption' id='gallery-1-3887'>\n\t\t\t\tUne derni\u00e8re B6,avant de changer de coin\n\t\t\t\t<\/figcaption><\/figure><figure class='gallery-item'>\n\t\t\t<div class='gallery-icon '>\n\t\t\t\t<a data-elementor-open-lightbox=\"yes\" data-elementor-lightbox-slideshow=\"ab16859\" data-elementor-lightbox-title=\"IMG_0842m\" data-e-action-hash=\"#elementor-action%3Aaction%3Dlightbox%26settings%3DeyJpZCI6Mzg4OCwidXJsIjoiaHR0cHM6XC9cL3d3dy52aWRlb3N0cmFpbnMuY29tXC93cC1jb250ZW50XC91cGxvYWRzXC8yMDIzXC8wNFwvSU1HXzA4NDJtLmF2aWYiLCJzbGlkZXNob3ciOiJhYjE2ODU5In0%3D\" href='https:\/\/www.videostrains.com\/wp-content\/uploads\/2023\/04\/IMG_0842m.avif'><img decoding=\"async\" src=\"https:\/\/www.videostrains.com\/wp-content\/uploads\/2023\/04\/IMG_0842m.avif\" class=\"attachment-full size-full\" alt=\"\" aria-describedby=\"gallery-1-3888\"><\/a>\n\t\t\t<\/div>\n\t\t\t\t<figcaption class='wp-caption-text gallery-caption' id='gallery-1-3888'>\n\t\t\t\tAlors que nous \u00e9tions en compagnie de quelques photographes que je salue,  nous nous d\u00e9pla\u00e7ons tous les trois pour aller \u00e0 Sennecey le grand.  On casse la croute tout en faisant d&rsquo;autres trains,\u00e0 commencer par cette B6 pour Lyon Part Dieu\n\t\t\t\t<\/figcaption><\/figure><figure class='gallery-item'>\n\t\t\t<div class='gallery-icon '>\n\t\t\t\t<a data-elementor-open-lightbox=\"yes\" data-elementor-lightbox-slideshow=\"ab16859\" data-elementor-lightbox-title=\"IMG_0848m\" data-e-action-hash=\"#elementor-action%3Aaction%3Dlightbox%26settings%3DeyJpZCI6Mzg4OSwidXJsIjoiaHR0cHM6XC9cL3d3dy52aWRlb3N0cmFpbnMuY29tXC93cC1jb250ZW50XC91cGxvYWRzXC8yMDIzXC8wNFwvSU1HXzA4NDhtLmF2aWYiLCJzbGlkZXNob3ciOiJhYjE2ODU5In0%3D\" href='https:\/\/www.videostrains.com\/wp-content\/uploads\/2023\/04\/IMG_0848m.avif'><img decoding=\"async\" src=\"https:\/\/www.videostrains.com\/wp-content\/uploads\/2023\/04\/IMG_0848m.avif\" class=\"attachment-full size-full\" alt=\"\" aria-describedby=\"gallery-1-3889\"><\/a>\n\t\t\t<\/div>\n\t\t\t\t<figcaption class='wp-caption-text gallery-caption' id='gallery-1-3889'>\n\t\t\t\tA part quelques fret dans le mauvais sens,rien \u00e0 se mettre sous l&rsquo;objectif.  Nous nous s\u00e9parons,C&#8230; repart de son c\u00f4t\u00e9,mais avec B&#8230;..,sur la route du retour nous voulons encore profiter du beau temps.  Petit arr\u00eat sur la LGV dans le Clunysois,dans un coin que j&rsquo;appr\u00e9cie  et que j&rsquo;avait un peu n\u00e9ttoy\u00e9 quelques mois plus t\u00f4t.  Un des nombreux Duplex Carmillon\n\t\t\t\t<\/figcaption><\/figure><figure class='gallery-item'>\n\t\t\t<div class='gallery-icon '>\n\t\t\t\t<a data-elementor-open-lightbox=\"yes\" data-elementor-lightbox-slideshow=\"ab16859\" data-elementor-lightbox-title=\"IMG_0849m\" data-e-action-hash=\"#elementor-action%3Aaction%3Dlightbox%26settings%3DeyJpZCI6Mzg5MCwidXJsIjoiaHR0cHM6XC9cL3d3dy52aWRlb3N0cmFpbnMuY29tXC93cC1jb250ZW50XC91cGxvYWRzXC8yMDIzXC8wNFwvSU1HXzA4NDltLmF2aWYiLCJzbGlkZXNob3ciOiJhYjE2ODU5In0%3D\" href='https:\/\/www.videostrains.com\/wp-content\/uploads\/2023\/04\/IMG_0849m.avif'><img decoding=\"async\" src=\"https:\/\/www.videostrains.com\/wp-content\/uploads\/2023\/04\/IMG_0849m.avif\" class=\"attachment-full size-full\" alt=\"\" aria-describedby=\"gallery-1-3890\"><\/a>\n\t\t\t<\/div>\n\t\t\t\t<figcaption class='wp-caption-text gallery-caption' id='gallery-1-3890'>\n\t\t\t\tOuigo,sans doute un Marne la vall\u00e9e Montpellier\n\t\t\t\t<\/figcaption><\/figure><figure class='gallery-item'>\n\t\t\t<div class='gallery-icon '>\n\t\t\t\t<a data-elementor-open-lightbox=\"yes\" data-elementor-lightbox-slideshow=\"ab16859\" data-elementor-lightbox-title=\"IMG_0855m\" data-e-action-hash=\"#elementor-action%3Aaction%3Dlightbox%26settings%3DeyJpZCI6Mzg5MSwidXJsIjoiaHR0cHM6XC9cL3d3dy52aWRlb3N0cmFpbnMuY29tXC93cC1jb250ZW50XC91cGxvYWRzXC8yMDIzXC8wNFwvSU1HXzA4NTVtLmF2aWYiLCJzbGlkZXNob3ciOiJhYjE2ODU5In0%3D\" href='https:\/\/www.videostrains.com\/wp-content\/uploads\/2023\/04\/IMG_0855m.avif'><img decoding=\"async\" src=\"https:\/\/www.videostrains.com\/wp-content\/uploads\/2023\/04\/IMG_0855m.avif\" class=\"attachment-full size-full\" alt=\"\" aria-describedby=\"gallery-1-3891\"><\/a>\n\t\t\t<\/div>\n\t\t\t\t<figcaption class='wp-caption-text gallery-caption' id='gallery-1-3891'>\n\t\t\t\tUn Paris Milan avec un TGV Reseau Lacroix,et un Duplex Carmillon\n\t\t\t\t<\/figcaption><\/figure><figure class='gallery-item'>\n\t\t\t<div class='gallery-icon '>\n\t\t\t\t<a data-elementor-open-lightbox=\"yes\" data-elementor-lightbox-slideshow=\"ab16859\" data-elementor-lightbox-title=\"IMG_0863m\" data-e-action-hash=\"#elementor-action%3Aaction%3Dlightbox%26settings%3DeyJpZCI6Mzg5MiwidXJsIjoiaHR0cHM6XC9cL3d3dy52aWRlb3N0cmFpbnMuY29tXC93cC1jb250ZW50XC91cGxvYWRzXC8yMDIzXC8wNFwvSU1HXzA4NjNtLmF2aWYiLCJzbGlkZXNob3ciOiJhYjE2ODU5In0%3D\" href='https:\/\/www.videostrains.com\/wp-content\/uploads\/2023\/04\/IMG_0863m.avif'><img decoding=\"async\" src=\"https:\/\/www.videostrains.com\/wp-content\/uploads\/2023\/04\/IMG_0863m.avif\" class=\"attachment-full size-full\" alt=\"\" aria-describedby=\"gallery-1-3892\"><\/a>\n\t\t\t<\/div>\n\t\t\t\t<figcaption class='wp-caption-text gallery-caption' id='gallery-1-3892'>\n\t\t\t\tEt on termine avec un autre R\u00e9seau\n\t\t\t\t<\/figcaption><\/figure>\n\t\t<\/div>\n\t\t<\/div>\n\t\t\t\t\t\t<\/div>\n\t\t\t\t<\/div>\n\t\t\t\t<section class=\"elementor-section elementor-inner-section elementor-element elementor-element-71b3694 elementor-section-boxed elementor-section-height-default elementor-section-height-default wpr-particle-no wpr-jarallax-no wpr-parallax-no wpr-sticky-section-no\" data-id=\"71b3694\" data-element_type=\"section\" data-e-type=\"section\">\n\t\t\t\t\t\t<div class=\"elementor-container elementor-column-gap-default\">\n\t\t\t\t\t<div class=\"elementor-column elementor-col-100 elementor-inner-column elementor-element elementor-element-d35f6cc\" data-id=\"d35f6cc\" data-element_type=\"column\" data-e-type=\"column\">\n\t\t\t<div class=\"elementor-widget-wrap\">\n\t\t\t\t\t\t\t<\/div>\n\t\t<\/div>\n\t\t\t\t\t<\/div>\n\t\t<\/section>\n\t\t\t\t\t<\/div>\n\t\t<\/div>\n\t\t\t\t\t<\/div>\n\t\t<\/section>\n\t\t\t\t<\/div>\n\t\t","protected":false},"excerpt":{"rendered":"<p>trains Sur le PLM et LGV le 20\/09\/2019 S\u00e9rie de Photos de trains \u00e0 l&rsquo;occasion de circulations exceptionelles En cette magnifique journ\u00e9e de Septembre,avec BG&#8230;&#8230; nous rejoignons C&#8230;&#8230; pour un train \u00ab\u00a0sp\u00e9cial\u00a0\u00bb. Bien que n&rsquo;\u00e9tant pas \u00ab\u00a0sp\u00e9ciaux\u00a0\u00bb,certains des autres trains \u00e9taient toutefois tr\u00e8s int\u00e9ressants,car ils se font rares ou vont prochainement disparaitre. Apr\u00e8s avoir manqu\u00e9 in-extremis une E186 Lin\u00e9as en avance sur son horaire,nous aurons droit \u00e0 une belle compensation avec la BB26063 comme surprise. L&rsquo;apr\u00e8s-midi,nous ferons quelques trains le temps de casser la cro\u00fbte,puis nous terminerons la journ\u00e9e en nous arr\u00eatant faire du TGV dans le Clunysois sur la route du retour. la BB26063 et un combin\u00e9,juste avant Tournus Une B5 pouss\u00e9e pour ce Dijon a destination de Lyon Part Dieu C&rsquo;est pas celle qu&rsquo;on aurait aim\u00e9 faire,mais voici tout de m\u00eame une E186 Sp\u00e9cialit\u00e9 Rh\u00f4nalpine,une B6 \u00ab\u00a0nez de boeuf\u00a0\u00bb Un certain P&#8230;,\u00e9tait impatient de voir celle qui a motiv\u00e9 l&rsquo;expedition;voici donc la BB25236 et l&rsquo;Orient Express, qui sera expos\u00e9 \u00e0 Lyon Perrache pour les journ\u00e9es du patrimoine Allez,encore un truc qui se fait doublement rare,car c&rsquo;est une 3 feux;une Sybic en livr\u00e9e b\u00e9ton,la BB 26220 La BB 27056 et un combin\u00e9 Une derni\u00e8re B6,avant de changer de coin Alors que nous \u00e9tions en compagnie de quelques photographes que je salue, nous nous d\u00e9pla\u00e7ons tous les trois pour aller \u00e0 Sennecey le grand. On casse la croute tout en faisant d&rsquo;autres trains,\u00e0 commencer par cette B6 pour Lyon Part Dieu A part quelques fret dans le mauvais sens,rien \u00e0 se mettre sous l&rsquo;objectif. Nous nous s\u00e9parons,C&#8230; repart de son c\u00f4t\u00e9,mais avec B&#8230;..,sur la route du retour nous voulons encore profiter du beau temps. Petit arr\u00eat sur la LGV dans le Clunysois,dans un coin que j&rsquo;appr\u00e9cie et que j&rsquo;avait un peu n\u00e9ttoy\u00e9 quelques mois plus t\u00f4t. Un des nombreux Duplex Carmillon Ouigo,sans doute un Marne la vall\u00e9e Montpellier Un Paris Milan avec un TGV Reseau Lacroix,et un Duplex Carmillon Et on termine avec un autre R\u00e9seau<\/p>\n","protected":false},"author":2,"featured_media":0,"parent":0,"menu_order":84,"comment_status":"closed","ping_status":"closed","template":"","meta":{"ocean_post_layout":"","ocean_both_sidebars_style":"","ocean_both_sidebars_content_width":0,"ocean_both_sidebars_sidebars_width":0,"ocean_sidebar":"0","ocean_second_sidebar":"0","ocean_disable_margins":"enable","ocean_add_body_class":"","ocean_shortcode_before_top_bar":"","ocean_shortcode_after_top_bar":"","ocean_shortcode_before_header":"","ocean_shortcode_after_header":"","ocean_has_shortcode":"","ocean_shortcode_after_title":"","ocean_shortcode_before_footer_widgets":"","ocean_shortcode_after_footer_widgets":"","ocean_shortcode_before_footer_bottom":"","ocean_shortcode_after_footer_bottom":"","ocean_display_top_bar":"default","ocean_display_header":"default","ocean_header_style":"","ocean_center_header_left_menu":"0","ocean_custom_header_template":"0","ocean_custom_logo":0,"ocean_custom_retina_logo":0,"ocean_custom_logo_max_width":0,"ocean_custom_logo_tablet_max_width":0,"ocean_custom_logo_mobile_max_width":0,"ocean_custom_logo_max_height":0,"ocean_custom_logo_tablet_max_height":0,"ocean_custom_logo_mobile_max_height":0,"ocean_header_custom_menu":"0","ocean_menu_typo_font_family":"0","ocean_menu_typo_font_subset":"","ocean_menu_typo_font_size":0,"ocean_menu_typo_font_size_tablet":0,"ocean_menu_typo_font_size_mobile":0,"ocean_menu_typo_font_size_unit":"px","ocean_menu_typo_font_weight":"","ocean_menu_typo_font_weight_tablet":"","ocean_menu_typo_font_weight_mobile":"","ocean_menu_typo_transform":"","ocean_menu_typo_transform_tablet":"","ocean_menu_typo_transform_mobile":"","ocean_menu_typo_line_height":0,"ocean_menu_typo_line_height_tablet":0,"ocean_menu_typo_line_height_mobile":0,"ocean_menu_typo_line_height_unit":"","ocean_menu_typo_spacing":0,"ocean_menu_typo_spacing_tablet":0,"ocean_menu_typo_spacing_mobile":0,"ocean_menu_typo_spacing_unit":"","ocean_menu_link_color":"","ocean_menu_link_color_hover":"","ocean_menu_link_color_active":"","ocean_menu_link_background":"","ocean_menu_link_hover_background":"","ocean_menu_link_active_background":"","ocean_menu_social_links_bg":"","ocean_menu_social_hover_links_bg":"","ocean_menu_social_links_color":"","ocean_menu_social_hover_links_color":"","ocean_disable_title":"default","ocean_disable_heading":"default","ocean_post_title":"","ocean_post_subheading":"","ocean_post_title_style":"","ocean_post_title_background_color":"","ocean_post_title_background":0,"ocean_post_title_bg_image_position":"","ocean_post_title_bg_image_attachment":"","ocean_post_title_bg_image_repeat":"","ocean_post_title_bg_image_size":"","ocean_post_title_height":0,"ocean_post_title_bg_overlay":0.5,"ocean_post_title_bg_overlay_color":"","ocean_disable_breadcrumbs":"default","ocean_breadcrumbs_color":"","ocean_breadcrumbs_separator_color":"","ocean_breadcrumbs_links_color":"","ocean_breadcrumbs_links_hover_color":"","ocean_display_footer_widgets":"default","ocean_display_footer_bottom":"default","ocean_custom_footer_template":"0","footnotes":""},"class_list":["post-3875","page","type-page","status-publish","hentry","entry"],"_links":{"self":[{"href":"https:\/\/www.videostrains.com\/index.php\/wp-json\/wp\/v2\/pages\/3875","targetHints":{"allow":["GET"]}}],"collection":[{"href":"https:\/\/www.videostrains.com\/index.php\/wp-json\/wp\/v2\/pages"}],"about":[{"href":"https:\/\/www.videostrains.com\/index.php\/wp-json\/wp\/v2\/types\/page"}],"author":[{"embeddable":true,"href":"https:\/\/www.videostrains.com\/index.php\/wp-json\/wp\/v2\/users\/2"}],"replies":[{"embeddable":true,"href":"https:\/\/www.videostrains.com\/index.php\/wp-json\/wp\/v2\/comments?post=3875"}],"version-history":[{"count":0,"href":"https:\/\/www.videostrains.com\/index.php\/wp-json\/wp\/v2\/pages\/3875\/revisions"}],"wp:attachment":[{"href":"https:\/\/www.videostrains.com\/index.php\/wp-json\/wp\/v2\/media?parent=3875"}],"curies":[{"name":"wp","href":"https:\/\/api.w.org\/{rel}","templated":true}]}}