{"id":3811,"date":"2023-04-17T22:06:06","date_gmt":"2023-04-17T20:06:06","guid":{"rendered":"http:\/\/videostrains.com\/videostrains\/?page_id=3811"},"modified":"2025-10-16T10:20:34","modified_gmt":"2025-10-16T08:20:34","slug":"photos-train-special-abfc","status":"publish","type":"page","link":"https:\/\/www.videostrains.com\/index.php\/photos-train-special-abfc\/","title":{"rendered":"Train special Dijon La Bourboule -2019"},"content":{"rendered":"\t\t<div data-elementor-type=\"wp-page\" data-elementor-id=\"3811\" class=\"elementor elementor-3811\">\n\t\t\t\t\t\t<section class=\"elementor-section elementor-top-section elementor-element elementor-element-f1b487c elementor-section-boxed elementor-section-height-default elementor-section-height-default wpr-particle-no wpr-jarallax-no wpr-parallax-no wpr-sticky-section-no\" data-id=\"f1b487c\" data-element_type=\"section\" data-e-type=\"section\">\n\t\t\t\t\t\t<div class=\"elementor-container elementor-column-gap-default\">\n\t\t\t\t\t<div class=\"elementor-column elementor-col-100 elementor-top-column elementor-element elementor-element-6470c49\" data-id=\"6470c49\" data-element_type=\"column\" data-e-type=\"column\">\n\t\t\t<div class=\"elementor-widget-wrap elementor-element-populated\">\n\t\t\t\t\t\t<section class=\"elementor-section elementor-inner-section elementor-element elementor-element-f4c6d9c elementor-section-boxed elementor-section-height-default elementor-section-height-default wpr-particle-no wpr-jarallax-no wpr-parallax-no wpr-sticky-section-no\" data-id=\"f4c6d9c\" data-element_type=\"section\" data-e-type=\"section\">\n\t\t\t\t\t\t<div class=\"elementor-container elementor-column-gap-default\">\n\t\t\t\t\t<div class=\"elementor-column elementor-col-100 elementor-inner-column elementor-element elementor-element-810a533\" data-id=\"810a533\" data-element_type=\"column\" data-e-type=\"column\">\n\t\t\t<div class=\"elementor-widget-wrap elementor-element-populated\">\n\t\t\t\t\t\t<div class=\"elementor-element elementor-element-0f8a33f e-transform elementor-widget elementor-widget-heading\" data-id=\"0f8a33f\" data-element_type=\"widget\" data-e-type=\"widget\" data-settings=\"{&quot;_transform_scale_effect&quot;:{&quot;unit&quot;:&quot;px&quot;,&quot;size&quot;:0.9,&quot;sizes&quot;:[]},&quot;_transform_scale_effect_tablet&quot;:{&quot;unit&quot;:&quot;px&quot;,&quot;size&quot;:&quot;&quot;,&quot;sizes&quot;:[]},&quot;_transform_scale_effect_mobile&quot;:{&quot;unit&quot;:&quot;px&quot;,&quot;size&quot;:&quot;&quot;,&quot;sizes&quot;:[]}}\" data-widget_type=\"heading.default\">\n\t\t\t\t<div class=\"elementor-widget-container\">\n\t\t\t\t\t<h1 class=\"elementor-heading-title elementor-size-default\">Galerie Photos\nTrain special ABFC \nDijon - la bourboule\nJuillet 2019\n<\/h1>\t\t\t\t<\/div>\n\t\t\t\t<\/div>\n\t\t\t\t\t<\/div>\n\t\t<\/div>\n\t\t\t\t\t<\/div>\n\t\t<\/section>\n\t\t\t\t<section class=\"elementor-section elementor-inner-section elementor-element elementor-element-fd2e62e elementor-section-boxed elementor-section-height-default elementor-section-height-default wpr-particle-no wpr-jarallax-no wpr-parallax-no wpr-sticky-section-no\" data-id=\"fd2e62e\" data-element_type=\"section\" data-e-type=\"section\">\n\t\t\t\t\t\t<div class=\"elementor-container elementor-column-gap-default\">\n\t\t\t\t\t<div class=\"elementor-column elementor-col-100 elementor-inner-column elementor-element elementor-element-deff257\" data-id=\"deff257\" data-element_type=\"column\" data-e-type=\"column\">\n\t\t\t<div class=\"elementor-widget-wrap elementor-element-populated\">\n\t\t\t\t\t\t<div class=\"elementor-element elementor-element-2fbd60e e-transform elementor-widget elementor-widget-text-editor\" data-id=\"2fbd60e\" data-element_type=\"widget\" data-e-type=\"widget\" data-settings=\"{&quot;_transform_scale_effect&quot;:{&quot;unit&quot;:&quot;px&quot;,&quot;size&quot;:1,&quot;sizes&quot;:[]},&quot;_transform_scale_effect_tablet&quot;:{&quot;unit&quot;:&quot;px&quot;,&quot;size&quot;:&quot;&quot;,&quot;sizes&quot;:[]},&quot;_transform_scale_effect_mobile&quot;:{&quot;unit&quot;:&quot;px&quot;,&quot;size&quot;:&quot;&quot;,&quot;sizes&quot;:[]}}\" data-widget_type=\"text-editor.default\">\n\t\t\t\t<div class=\"elementor-widget-container\">\n\t\t\t\t\t\t\t\t\t<p align=\"center\"><i>Les 20 &amp; 21 Juillet 2019,l&rsquo;association <a href=\"https:\/\/www.autorails-abfc.fr\/\" target=\"_blank\" rel=\"noopener\"><span style=\"color: #00ff00;\">ABFC<\/span><\/a> de Dijon,organisait un voyage \u00e0 Clermont Fd et La Bourboule avec son autorail Picasso X4039.<\/i><\/p><p align=\"center\"><i>Voici quelques photos faites le 20;h\u00e9las une panne de l&rsquo;autorail le lendemain ne nous aura pas permis de le refaire <\/i><\/p><p align=\"center\"><i>du c\u00f4t\u00e9 de Paray le monial,sur sa route de retour<\/i><i>.<\/i><\/p>\t\t\t\t\t\t\t\t<\/div>\n\t\t\t\t<\/div>\n\t\t\t\t\t<\/div>\n\t\t<\/div>\n\t\t\t\t\t<\/div>\n\t\t<\/section>\n\t\t\t\t<section class=\"elementor-section elementor-inner-section elementor-element elementor-element-71b3694 elementor-section-boxed elementor-section-height-default elementor-section-height-default wpr-particle-no wpr-jarallax-no wpr-parallax-no wpr-sticky-section-no\" data-id=\"71b3694\" data-element_type=\"section\" data-e-type=\"section\">\n\t\t\t\t\t\t<div class=\"elementor-container elementor-column-gap-default\">\n\t\t\t\t\t<div class=\"elementor-column elementor-col-100 elementor-inner-column elementor-element elementor-element-d35f6cc\" data-id=\"d35f6cc\" data-element_type=\"column\" data-e-type=\"column\">\n\t\t\t<div class=\"elementor-widget-wrap elementor-element-populated\">\n\t\t\t\t\t\t<div class=\"elementor-element elementor-element-ab16859 gallery-spacing-custom elementor-widget elementor-widget-image-gallery\" data-id=\"ab16859\" data-element_type=\"widget\" data-e-type=\"widget\" data-widget_type=\"image-gallery.default\">\n\t\t\t\t<div class=\"elementor-widget-container\">\n\t\t\t\t\t\t\t<div class=\"elementor-image-gallery\">\n\t\t\t<div id='gallery-1' class='gallery galleryid-3811 gallery-columns-1 gallery-size-full'><figure class='gallery-item'>\n\t\t\t<div class='gallery-icon '>\n\t\t\t\t<a data-elementor-open-lightbox=\"yes\" data-elementor-lightbox-slideshow=\"ab16859\" data-elementor-lightbox-title=\"IMG_3454-3m\" data-e-action-hash=\"#elementor-action%3Aaction%3Dlightbox%26settings%3DeyJpZCI6Mzc2MCwidXJsIjoiaHR0cHM6XC9cL3d3dy52aWRlb3N0cmFpbnMuY29tXC93cC1jb250ZW50XC91cGxvYWRzXC8yMDIzXC8wNFwvSU1HXzM0NTQtM20uYXZpZiIsInNsaWRlc2hvdyI6ImFiMTY4NTkifQ%3D%3D\" href=\"https:\/\/www.videostrains.com\/wp-content\/uploads\/2023\/04\/IMG_3454-3m.avif\"><img decoding=\"async\" src=\"https:\/\/www.videostrains.com\/wp-content\/uploads\/2023\/04\/IMG_3454-3m.avif\" class=\"attachment-full size-full\" alt=\"train abfc\" aria-describedby=\"gallery-1-3760\" \/><\/a>\n\t\t\t<\/div>\n\t\t\t\t<figcaption class='wp-caption-text gallery-caption' id='gallery-1-3760'>\n\t\t\t\tAigueperse,au sud de Gannat.En raison d&rsquo;une lumi\u00e8re estivale difficile,le noir &#038; blanc me parassait int\u00e9ressant pour cette photo.  A noter,la pr\u00e9sence d&rsquo;une cigale dans un arbre voisin(nous sommes au nord de Clermont Fd)\n\t\t\t\t<\/figcaption><\/figure><figure class='gallery-item'>\n\t\t\t<div class='gallery-icon '>\n\t\t\t\t<a data-elementor-open-lightbox=\"yes\" data-elementor-lightbox-slideshow=\"ab16859\" data-elementor-lightbox-title=\"IMG_3468m\" data-e-action-hash=\"#elementor-action%3Aaction%3Dlightbox%26settings%3DeyJpZCI6Mzc2MSwidXJsIjoiaHR0cHM6XC9cL3d3dy52aWRlb3N0cmFpbnMuY29tXC93cC1jb250ZW50XC91cGxvYWRzXC8yMDIzXC8wNFwvSU1HXzM0NjhtLmF2aWYiLCJzbGlkZXNob3ciOiJhYjE2ODU5In0%3D\" href=\"https:\/\/www.videostrains.com\/wp-content\/uploads\/2023\/04\/IMG_3468m.avif\"><img decoding=\"async\" src=\"https:\/\/www.videostrains.com\/wp-content\/uploads\/2023\/04\/IMG_3468m.avif\" class=\"attachment-full size-full\" alt=\"photo picasso\" aria-describedby=\"gallery-1-3761\" \/><\/a>\n\t\t\t<\/div>\n\t\t\t\t<figcaption class='wp-caption-text gallery-caption' id='gallery-1-3761'>\n\t\t\t\tSt Pierre le Chastel,petit village perch\u00e9 pr\u00e8s de Pontgibaud.Le X4039  serpente le long du marais ass\u00e8ch\u00e9\n\t\t\t\t<\/figcaption><\/figure><figure class='gallery-item'>\n\t\t\t<div class='gallery-icon '>\n\t\t\t\t<a data-elementor-open-lightbox=\"yes\" data-elementor-lightbox-slideshow=\"ab16859\" data-elementor-lightbox-title=\"IMG_3489m\" data-e-action-hash=\"#elementor-action%3Aaction%3Dlightbox%26settings%3DeyJpZCI6Mzc2MiwidXJsIjoiaHR0cHM6XC9cL3d3dy52aWRlb3N0cmFpbnMuY29tXC93cC1jb250ZW50XC91cGxvYWRzXC8yMDIzXC8wNFwvSU1HXzM0ODltLmF2aWYiLCJzbGlkZXNob3ciOiJhYjE2ODU5In0%3D\" href=\"https:\/\/www.videostrains.com\/wp-content\/uploads\/2023\/04\/IMG_3489m.avif\"><img decoding=\"async\" src=\"https:\/\/www.videostrains.com\/wp-content\/uploads\/2023\/04\/IMG_3489m.avif\" class=\"attachment-full size-full\" alt=\"\" aria-describedby=\"gallery-1-3762\"><\/a>\n\t\t\t<\/div>\n\t\t\t\t<figcaption class='wp-caption-text gallery-caption' id='gallery-1-3762'>\n\t\t\t\tA la sortie de Laqueuille,point culminant de la ligne\n\t\t\t\t<\/figcaption><\/figure><figure class='gallery-item'>\n\t\t\t<div class='gallery-icon '>\n\t\t\t\t<a data-elementor-open-lightbox=\"yes\" data-elementor-lightbox-slideshow=\"ab16859\" data-elementor-lightbox-title=\"IMG_3495m\" data-e-action-hash=\"#elementor-action%3Aaction%3Dlightbox%26settings%3DeyJpZCI6Mzc2MywidXJsIjoiaHR0cHM6XC9cL3d3dy52aWRlb3N0cmFpbnMuY29tXC93cC1jb250ZW50XC91cGxvYWRzXC8yMDIzXC8wNFwvSU1HXzM0OTVtLmF2aWYiLCJzbGlkZXNob3ciOiJhYjE2ODU5In0%3D\" href=\"https:\/\/www.videostrains.com\/wp-content\/uploads\/2023\/04\/IMG_3495m.avif\"><img decoding=\"async\" src=\"https:\/\/www.videostrains.com\/wp-content\/uploads\/2023\/04\/IMG_3495m.avif\" class=\"attachment-full size-full\" alt=\"\" aria-describedby=\"gallery-1-3763\"><\/a>\n\t\t\t<\/div>\n\t\t\t\t<figcaption class='wp-caption-text gallery-caption' id='gallery-1-3763'>\n\t\t\t\tPause a La Bourboule\n\t\t\t\t<\/figcaption><\/figure><figure class='gallery-item'>\n\t\t\t<div class='gallery-icon '>\n\t\t\t\t<a data-elementor-open-lightbox=\"yes\" data-elementor-lightbox-slideshow=\"ab16859\" data-elementor-lightbox-title=\"DJI_0795m\" data-e-action-hash=\"#elementor-action%3Aaction%3Dlightbox%26settings%3DeyJpZCI6Mzc1NywidXJsIjoiaHR0cHM6XC9cL3d3dy52aWRlb3N0cmFpbnMuY29tXC93cC1jb250ZW50XC91cGxvYWRzXC8yMDIzXC8wNFwvREpJXzA3OTVtLmF2aWYiLCJzbGlkZXNob3ciOiJhYjE2ODU5In0%3D\" href=\"https:\/\/www.videostrains.com\/wp-content\/uploads\/2023\/04\/DJI_0795m.avif\"><img decoding=\"async\" src=\"https:\/\/www.videostrains.com\/wp-content\/uploads\/2023\/04\/DJI_0795m.avif\" class=\"attachment-full size-full\" alt=\"\" aria-describedby=\"gallery-1-3757\"><\/a>\n\t\t\t<\/div>\n\t\t\t\t<figcaption class='wp-caption-text gallery-caption' id='gallery-1-3757'>\n\t\t\t\tSt Sauves d&rsquo;Auvergne.Alors que les photographes tentent tant bien que mal d&rsquo;\u00e9viter les herbes hautes en montant sur un escabeau,  il est temps pour nous de d\u00e9ployer les ailes.  En arri\u00e8re plan \u00e0 gauche,la Banne d&rsquo;Ordanche,volcan de 1512m surplombant La Bourboule.  Au fond \u00e0 droite,le c\u00e9l\u00e8bre Puy de Sancy dont les 1885m d&rsquo;altitude en font le point culminant du massif central\n\t\t\t\t<\/figcaption><\/figure><figure class='gallery-item'>\n\t\t\t<div class='gallery-icon '>\n\t\t\t\t<a data-elementor-open-lightbox=\"yes\" data-elementor-lightbox-slideshow=\"ab16859\" data-elementor-lightbox-title=\"DJI_0809m\" data-e-action-hash=\"#elementor-action%3Aaction%3Dlightbox%26settings%3DeyJpZCI6Mzc1OCwidXJsIjoiaHR0cHM6XC9cL3d3dy52aWRlb3N0cmFpbnMuY29tXC93cC1jb250ZW50XC91cGxvYWRzXC8yMDIzXC8wNFwvREpJXzA4MDltLmF2aWYiLCJzbGlkZXNob3ciOiJhYjE2ODU5In0%3D\" href=\"https:\/\/www.videostrains.com\/wp-content\/uploads\/2023\/04\/DJI_0809m.avif\"><img decoding=\"async\" src=\"https:\/\/www.videostrains.com\/wp-content\/uploads\/2023\/04\/DJI_0809m.avif\" class=\"attachment-full size-full\" alt=\"\" aria-describedby=\"gallery-1-3758\"><\/a>\n\t\t\t<\/div>\n\t\t\t\t<figcaption class='wp-caption-text gallery-caption' id='gallery-1-3758'>\n\t\t\t\tUn coup d&rsquo;oeil derri\u00e8re nous pour voir le train passer la petite gare de St Sauves,sous le regard des photographes\n\t\t\t\t<\/figcaption><\/figure><figure class='gallery-item'>\n\t\t\t<div class='gallery-icon '>\n\t\t\t\t<a data-elementor-open-lightbox=\"yes\" data-elementor-lightbox-slideshow=\"ab16859\" data-elementor-lightbox-title=\"IMG_3526m\" data-e-action-hash=\"#elementor-action%3Aaction%3Dlightbox%26settings%3DeyJpZCI6Mzc2NCwidXJsIjoiaHR0cHM6XC9cL3d3dy52aWRlb3N0cmFpbnMuY29tXC93cC1jb250ZW50XC91cGxvYWRzXC8yMDIzXC8wNFwvSU1HXzM1MjZtLmF2aWYiLCJzbGlkZXNob3ciOiJhYjE2ODU5In0%3D\" href=\"https:\/\/www.videostrains.com\/wp-content\/uploads\/2023\/04\/IMG_3526m.avif\"><img decoding=\"async\" src=\"https:\/\/www.videostrains.com\/wp-content\/uploads\/2023\/04\/IMG_3526m.avif\" class=\"attachment-full size-full\" alt=\"\" aria-describedby=\"gallery-1-3764\"><\/a>\n\t\t\t<\/div>\n\t\t\t\t<figcaption class='wp-caption-text gallery-caption' id='gallery-1-3764'>\n\t\t\t\tDirection Volvic pour la suite  Comme pour la premi\u00e8re photo,on choisi le Noir &#038; Blanc pour limiter les effets n\u00e9fastes du contre-jour,et pour donner un cachet ancien \u00e0 la photo.  Il faut dire que l&rsquo;endroit s&rsquo;y pr\u00eate bien\n\t\t\t\t<\/figcaption><\/figure><figure class='gallery-item'>\n\t\t\t<div class='gallery-icon '>\n\t\t\t\t<a data-elementor-open-lightbox=\"yes\" data-elementor-lightbox-slideshow=\"ab16859\" data-elementor-lightbox-title=\"IMG_3441m\" data-e-action-hash=\"#elementor-action%3Aaction%3Dlightbox%26settings%3DeyJpZCI6Mzc1OSwidXJsIjoiaHR0cHM6XC9cL3d3dy52aWRlb3N0cmFpbnMuY29tXC93cC1jb250ZW50XC91cGxvYWRzXC8yMDIzXC8wNFwvSU1HXzM0NDFtLmF2aWYiLCJzbGlkZXNob3ciOiJhYjE2ODU5In0%3D\" href=\"https:\/\/www.videostrains.com\/wp-content\/uploads\/2023\/04\/IMG_3441m.avif\"><img decoding=\"async\" src=\"https:\/\/www.videostrains.com\/wp-content\/uploads\/2023\/04\/IMG_3441m.avif\" class=\"attachment-full size-full\" alt=\"\" aria-describedby=\"gallery-1-3759\"><\/a>\n\t\t\t<\/div>\n\t\t\t\t<figcaption class='wp-caption-text gallery-caption' id='gallery-1-3759'>\n\t\t\t\tOn termine par une touche de modernit\u00e9.La BB 26192 haut le pied  en provenance de Villeneuve St Georges qui se rend \u00e0 Clermont Fd pour ramener un train d&rsquo;eau.  Nous sommes \u00e0 Surat,sur la ligne du Bourbonnais\n\t\t\t\t<\/figcaption><\/figure>\n\t\t<\/div>\n\t\t<\/div>\n\t\t\t\t\t\t<\/div>\n\t\t\t\t<\/div>\n\t\t\t\t\t<\/div>\n\t\t<\/div>\n\t\t\t\t\t<\/div>\n\t\t<\/section>\n\t\t\t\t\t<\/div>\n\t\t<\/div>\n\t\t\t\t\t<\/div>\n\t\t<\/section>\n\t\t\t\t<\/div>\n\t\t","protected":false},"excerpt":{"rendered":"<p>Galerie Photos Train special ABFC Dijon &#8211; la bourboule Juillet 2019 Les 20 &amp; 21 Juillet 2019,l&rsquo;association ABFC de Dijon,organisait un voyage \u00e0 Clermont Fd et La Bourboule avec son autorail Picasso X4039. Voici quelques photos faites le 20;h\u00e9las une panne de l&rsquo;autorail le lendemain ne nous aura pas permis de le refaire du c\u00f4t\u00e9 de Paray le monial,sur sa route de retour. Aigueperse,au sud de Gannat.En raison d&rsquo;une lumi\u00e8re estivale difficile,le noir &#038; blanc me parassait int\u00e9ressant pour cette photo. A noter,la pr\u00e9sence d&rsquo;une cigale dans un arbre voisin(nous sommes au nord de Clermont Fd) St Pierre le Chastel,petit village perch\u00e9 pr\u00e8s de Pontgibaud.Le X4039 serpente le long du marais ass\u00e8ch\u00e9 A la sortie de Laqueuille,point culminant de la ligne Pause a La Bourboule St Sauves d&rsquo;Auvergne.Alors que les photographes tentent tant bien que mal d&rsquo;\u00e9viter les herbes hautes en montant sur un escabeau, il est temps pour nous de d\u00e9ployer les ailes. En arri\u00e8re plan \u00e0 gauche,la Banne d&rsquo;Ordanche,volcan de 1512m surplombant La Bourboule. Au fond \u00e0 droite,le c\u00e9l\u00e8bre Puy de Sancy dont les 1885m d&rsquo;altitude en font le point culminant du massif central Un coup d&rsquo;oeil derri\u00e8re nous pour voir le train passer la petite gare de St Sauves,sous le regard des photographes Direction Volvic pour la suite Comme pour la premi\u00e8re photo,on choisi le Noir &#038; Blanc pour limiter les effets n\u00e9fastes du contre-jour,et pour donner un cachet ancien \u00e0 la photo. Il faut dire que l&rsquo;endroit s&rsquo;y pr\u00eate bien On termine par une touche de modernit\u00e9.La BB 26192 haut le pied en provenance de Villeneuve St Georges qui se rend \u00e0 Clermont Fd pour ramener un train d&rsquo;eau. Nous sommes \u00e0 Surat,sur la ligne du Bourbonnais<\/p>\n","protected":false},"author":2,"featured_media":0,"parent":0,"menu_order":88,"comment_status":"closed","ping_status":"closed","template":"","meta":{"ocean_post_layout":"","ocean_both_sidebars_style":"","ocean_both_sidebars_content_width":0,"ocean_both_sidebars_sidebars_width":0,"ocean_sidebar":"0","ocean_second_sidebar":"0","ocean_disable_margins":"enable","ocean_add_body_class":"","ocean_shortcode_before_top_bar":"","ocean_shortcode_after_top_bar":"","ocean_shortcode_before_header":"","ocean_shortcode_after_header":"","ocean_has_shortcode":"","ocean_shortcode_after_title":"","ocean_shortcode_before_footer_widgets":"","ocean_shortcode_after_footer_widgets":"","ocean_shortcode_before_footer_bottom":"","ocean_shortcode_after_footer_bottom":"","ocean_display_top_bar":"default","ocean_display_header":"default","ocean_header_style":"","ocean_center_header_left_menu":"0","ocean_custom_header_template":"0","ocean_custom_logo":0,"ocean_custom_retina_logo":0,"ocean_custom_logo_max_width":0,"ocean_custom_logo_tablet_max_width":0,"ocean_custom_logo_mobile_max_width":0,"ocean_custom_logo_max_height":0,"ocean_custom_logo_tablet_max_height":0,"ocean_custom_logo_mobile_max_height":0,"ocean_header_custom_menu":"0","ocean_menu_typo_font_family":"0","ocean_menu_typo_font_subset":"","ocean_menu_typo_font_size":0,"ocean_menu_typo_font_size_tablet":0,"ocean_menu_typo_font_size_mobile":0,"ocean_menu_typo_font_size_unit":"px","ocean_menu_typo_font_weight":"","ocean_menu_typo_font_weight_tablet":"","ocean_menu_typo_font_weight_mobile":"","ocean_menu_typo_transform":"","ocean_menu_typo_transform_tablet":"","ocean_menu_typo_transform_mobile":"","ocean_menu_typo_line_height":0,"ocean_menu_typo_line_height_tablet":0,"ocean_menu_typo_line_height_mobile":0,"ocean_menu_typo_line_height_unit":"","ocean_menu_typo_spacing":0,"ocean_menu_typo_spacing_tablet":0,"ocean_menu_typo_spacing_mobile":0,"ocean_menu_typo_spacing_unit":"","ocean_menu_link_color":"","ocean_menu_link_color_hover":"","ocean_menu_link_color_active":"","ocean_menu_link_background":"","ocean_menu_link_hover_background":"","ocean_menu_link_active_background":"","ocean_menu_social_links_bg":"","ocean_menu_social_hover_links_bg":"","ocean_menu_social_links_color":"","ocean_menu_social_hover_links_color":"","ocean_disable_title":"default","ocean_disable_heading":"default","ocean_post_title":"","ocean_post_subheading":"","ocean_post_title_style":"","ocean_post_title_background_color":"","ocean_post_title_background":0,"ocean_post_title_bg_image_position":"","ocean_post_title_bg_image_attachment":"","ocean_post_title_bg_image_repeat":"","ocean_post_title_bg_image_size":"","ocean_post_title_height":0,"ocean_post_title_bg_overlay":0.5,"ocean_post_title_bg_overlay_color":"","ocean_disable_breadcrumbs":"default","ocean_breadcrumbs_color":"","ocean_breadcrumbs_separator_color":"","ocean_breadcrumbs_links_color":"","ocean_breadcrumbs_links_hover_color":"","ocean_display_footer_widgets":"default","ocean_display_footer_bottom":"default","ocean_custom_footer_template":"0","footnotes":""},"class_list":["post-3811","page","type-page","status-publish","hentry","entry"],"_links":{"self":[{"href":"https:\/\/www.videostrains.com\/index.php\/wp-json\/wp\/v2\/pages\/3811","targetHints":{"allow":["GET"]}}],"collection":[{"href":"https:\/\/www.videostrains.com\/index.php\/wp-json\/wp\/v2\/pages"}],"about":[{"href":"https:\/\/www.videostrains.com\/index.php\/wp-json\/wp\/v2\/types\/page"}],"author":[{"embeddable":true,"href":"https:\/\/www.videostrains.com\/index.php\/wp-json\/wp\/v2\/users\/2"}],"replies":[{"embeddable":true,"href":"https:\/\/www.videostrains.com\/index.php\/wp-json\/wp\/v2\/comments?post=3811"}],"version-history":[{"count":0,"href":"https:\/\/www.videostrains.com\/index.php\/wp-json\/wp\/v2\/pages\/3811\/revisions"}],"wp:attachment":[{"href":"https:\/\/www.videostrains.com\/index.php\/wp-json\/wp\/v2\/media?parent=3811"}],"curies":[{"name":"wp","href":"https:\/\/api.w.org\/{rel}","templated":true}]}}