{"id":10620,"date":"2024-03-28T13:24:07","date_gmt":"2024-03-28T12:24:07","guid":{"rendered":"https:\/\/videostrains.com\/videostrains\/?page_id=10620"},"modified":"2025-10-01T12:59:01","modified_gmt":"2025-10-01T10:59:01","slug":"trains-ligne-des-alpes","status":"publish","type":"page","link":"https:\/\/www.videostrains.com\/index.php\/trains-ligne-des-alpes\/","title":{"rendered":"Trains sur la ligne des Alpes Mai 2019"},"content":{"rendered":"\t\t<div data-elementor-type=\"wp-page\" data-elementor-id=\"10620\" class=\"elementor elementor-10620\">\n\t\t\t\t\t\t<section class=\"elementor-section elementor-top-section elementor-element elementor-element-52535f9 elementor-section-boxed elementor-section-height-default elementor-section-height-default wpr-particle-no wpr-jarallax-no wpr-parallax-no wpr-sticky-section-no\" data-id=\"52535f9\" data-element_type=\"section\" data-e-type=\"section\">\n\t\t\t\t\t\t<div class=\"elementor-container elementor-column-gap-default\">\n\t\t\t\t\t<div class=\"elementor-column elementor-col-100 elementor-top-column elementor-element elementor-element-0428d6b\" data-id=\"0428d6b\" data-element_type=\"column\" data-e-type=\"column\">\n\t\t\t<div class=\"elementor-widget-wrap elementor-element-populated\">\n\t\t\t\t\t\t<div class=\"elementor-element elementor-element-33d6e22 elementor-widget elementor-widget-heading\" data-id=\"33d6e22\" data-element_type=\"widget\" data-e-type=\"widget\" data-widget_type=\"heading.default\">\n\t\t\t\t<div class=\"elementor-widget-container\">\n\t\t\t\t\t<h2 class=\"elementor-heading-title elementor-size-default\">photos ferroviaires de trains donz\u00e8re d\u00e9fil\u00e9<\/h2>\t\t\t\t<\/div>\n\t\t\t\t<\/div>\n\t\t\t\t\t<\/div>\n\t\t<\/div>\n\t\t\t\t\t<\/div>\n\t\t<\/section>\n\t\t\t\t<section class=\"elementor-section elementor-top-section elementor-element elementor-element-f1b487c elementor-section-boxed elementor-section-height-default elementor-section-height-default wpr-particle-no wpr-jarallax-no wpr-parallax-no wpr-sticky-section-no\" data-id=\"f1b487c\" data-element_type=\"section\" data-e-type=\"section\">\n\t\t\t\t\t\t<div class=\"elementor-container elementor-column-gap-default\">\n\t\t\t\t\t<div class=\"elementor-column elementor-col-100 elementor-top-column elementor-element elementor-element-6470c49\" data-id=\"6470c49\" data-element_type=\"column\" data-e-type=\"column\">\n\t\t\t<div class=\"elementor-widget-wrap elementor-element-populated\">\n\t\t\t\t\t\t<section class=\"elementor-section elementor-inner-section elementor-element elementor-element-f4c6d9c elementor-section-boxed elementor-section-height-default elementor-section-height-default wpr-particle-no wpr-jarallax-no wpr-parallax-no wpr-sticky-section-no\" data-id=\"f4c6d9c\" data-element_type=\"section\" data-e-type=\"section\">\n\t\t\t\t\t\t<div class=\"elementor-container elementor-column-gap-default\">\n\t\t\t\t\t<div class=\"elementor-column elementor-col-100 elementor-inner-column elementor-element elementor-element-810a533\" data-id=\"810a533\" data-element_type=\"column\" data-e-type=\"column\">\n\t\t\t<div class=\"elementor-widget-wrap elementor-element-populated\">\n\t\t\t\t\t\t<div class=\"elementor-element elementor-element-0f8a33f elementor-widget elementor-widget-heading\" data-id=\"0f8a33f\" data-element_type=\"widget\" data-e-type=\"widget\" data-widget_type=\"heading.default\">\n\t\t\t\t<div class=\"elementor-widget-container\">\n\t\t\t\t\t<h1 class=\"elementor-heading-title elementor-size-default\">Trains sur la ligne des Alpes en Mai 2019<\/h1>\t\t\t\t<\/div>\n\t\t\t\t<\/div>\n\t\t\t\t\t<\/div>\n\t\t<\/div>\n\t\t\t\t\t<\/div>\n\t\t<\/section>\n\t\t\t\t<section class=\"elementor-section elementor-inner-section elementor-element elementor-element-fd2e62e elementor-section-boxed elementor-section-height-default elementor-section-height-default wpr-particle-no wpr-jarallax-no wpr-parallax-no wpr-sticky-section-no\" data-id=\"fd2e62e\" data-element_type=\"section\" data-e-type=\"section\">\n\t\t\t\t\t\t<div class=\"elementor-container elementor-column-gap-default\">\n\t\t\t\t\t<div class=\"elementor-column elementor-col-100 elementor-inner-column elementor-element elementor-element-deff257\" data-id=\"deff257\" data-element_type=\"column\" data-e-type=\"column\">\n\t\t\t<div class=\"elementor-widget-wrap elementor-element-populated\">\n\t\t\t\t\t\t<div class=\"elementor-element elementor-element-2fbd60e e-transform elementor-widget elementor-widget-text-editor\" data-id=\"2fbd60e\" data-element_type=\"widget\" data-e-type=\"widget\" data-settings=\"{&quot;_transform_scale_effect&quot;:{&quot;unit&quot;:&quot;px&quot;,&quot;size&quot;:1,&quot;sizes&quot;:[]},&quot;_transform_scale_effect_tablet&quot;:{&quot;unit&quot;:&quot;px&quot;,&quot;size&quot;:&quot;&quot;,&quot;sizes&quot;:[]},&quot;_transform_scale_effect_mobile&quot;:{&quot;unit&quot;:&quot;px&quot;,&quot;size&quot;:&quot;&quot;,&quot;sizes&quot;:[]}}\" data-widget_type=\"text-editor.default\">\n\t\t\t\t<div class=\"elementor-widget-container\">\n\t\t\t\t\t\t\t\t\t<p>Mai 2019,\u00e0 l&rsquo;occasion d&rsquo;un s\u00e9jour sur la c\u00f4te d&rsquo;azur,j&rsquo;en profite pour faire quelques photos ferroviaires.<\/p><p>Je d\u00e9cide tout d&rsquo;abord d&#8217;emprunter la route Napol\u00e9on,bien plus tranquille que la vall\u00e9e du Rh\u00f4ne.<\/p><p>Ce sera bien sur l&rsquo;occasion de faire quelques arr\u00eats photos,\u00e0 commencer par la ligne des Alpes.<\/p>\t\t\t\t\t\t\t\t<\/div>\n\t\t\t\t<\/div>\n\t\t\t\t\t<\/div>\n\t\t<\/div>\n\t\t\t\t\t<\/div>\n\t\t<\/section>\n\t\t\t\t<section class=\"elementor-section elementor-inner-section elementor-element elementor-element-71b3694 elementor-section-boxed elementor-section-height-default elementor-section-height-default wpr-particle-no wpr-jarallax-no wpr-parallax-no wpr-sticky-section-no\" data-id=\"71b3694\" data-element_type=\"section\" data-e-type=\"section\">\n\t\t\t\t\t\t<div class=\"elementor-container elementor-column-gap-default\">\n\t\t\t\t\t<div class=\"elementor-column elementor-col-100 elementor-inner-column elementor-element elementor-element-d35f6cc\" data-id=\"d35f6cc\" data-element_type=\"column\" data-e-type=\"column\">\n\t\t\t<div class=\"elementor-widget-wrap elementor-element-populated\">\n\t\t\t\t\t\t<div class=\"elementor-element elementor-element-ab16859 gallery-spacing-custom elementor-widget elementor-widget-image-gallery\" data-id=\"ab16859\" data-element_type=\"widget\" data-e-type=\"widget\" data-widget_type=\"image-gallery.default\">\n\t\t\t\t<div class=\"elementor-widget-container\">\n\t\t\t\t\t\t\t<div class=\"elementor-image-gallery\">\n\t\t\t<div id='gallery-1' class='gallery galleryid-10620 gallery-columns-1 gallery-size-full'><figure class='gallery-item'>\n\t\t\t<div class='gallery-icon '>\n\t\t\t\t<a data-elementor-open-lightbox=\"yes\" data-elementor-lightbox-slideshow=\"ab16859\" data-elementor-lightbox-title=\"X73500 Clelles\" data-elementor-lightbox-description=\"X73500 Clelles\" data-e-action-hash=\"#elementor-action%3Aaction%3Dlightbox%26settings%3DeyJpZCI6MTA2MzMsInVybCI6Imh0dHBzOlwvXC93d3cudmlkZW9zdHJhaW5zLmNvbVwvd3AtY29udGVudFwvdXBsb2Fkc1wvMjAyNFwvMDNcL0lNR180MzczbS5hdmlmIiwic2xpZGVzaG93IjoiYWIxNjg1OSJ9\" href='https:\/\/www.videostrains.com\/wp-content\/uploads\/2024\/03\/IMG_4373m.avif'><img decoding=\"async\" src=\"https:\/\/www.videostrains.com\/wp-content\/uploads\/2024\/03\/IMG_4373m.avif\" class=\"attachment-full size-full\" alt=\"X73500 Clelles\" aria-describedby=\"gallery-1-10633\" \/><\/a>\n\t\t\t<\/div>\n\t\t\t\t<figcaption class='wp-caption-text gallery-caption' id='gallery-1-10633'>\n\t\t\t\tEn se rendant sur Nice en passant par la route Napol\u00e9on,on en profite pour faire une halte \u00e0 Clelles avec la c\u00e9l\u00e8bre vue  sur le Mont Aiguille.Certes,ce sont de banales Ater,mais la vue en vaut la peine.  Train Ter  N\u00b0885680 avec X73663 &#038; X73616 Train Grenoble  Gap \u00e0 Clelles\n\t\t\t\t<\/figcaption><\/figure><figure class='gallery-item'>\n\t\t\t<div class='gallery-icon '>\n\t\t\t\t<a data-elementor-open-lightbox=\"yes\" data-elementor-lightbox-slideshow=\"ab16859\" data-elementor-lightbox-title=\"X73500\" data-elementor-lightbox-description=\"X73500 \" data-e-action-hash=\"#elementor-action%3Aaction%3Dlightbox%26settings%3DeyJpZCI6MTA2MzQsInVybCI6Imh0dHBzOlwvXC93d3cudmlkZW9zdHJhaW5zLmNvbVwvd3AtY29udGVudFwvdXBsb2Fkc1wvMjAyNFwvMDNcL0lNR180Mzg1bS5hdmlmIiwic2xpZGVzaG93IjoiYWIxNjg1OSJ9\" href='https:\/\/www.videostrains.com\/wp-content\/uploads\/2024\/03\/IMG_4385m.avif'><img decoding=\"async\" src=\"https:\/\/www.videostrains.com\/wp-content\/uploads\/2024\/03\/IMG_4385m.avif\" class=\"attachment-full size-full\" alt=\"X73500\" aria-describedby=\"gallery-1-10634\" \/><\/a>\n\t\t\t<\/div>\n\t\t\t\t<figcaption class='wp-caption-text gallery-caption' id='gallery-1-10634'>\n\t\t\t\tNous retrouvons sans peine \u00e0 Lus la Croix haute,le train avec le sympathique G\u00e9rald aux commandes:  Train Ter  N\u00b0885680 avec X73663 &#038; X73616 Train Grenoble  Gap \n\t\t\t\t<\/figcaption><\/figure><figure class='gallery-item'>\n\t\t\t<div class='gallery-icon '>\n\t\t\t\t<a data-elementor-open-lightbox=\"yes\" data-elementor-lightbox-slideshow=\"ab16859\" data-elementor-lightbox-title=\"X73500\" data-elementor-lightbox-description=\"X73500 \" data-e-action-hash=\"#elementor-action%3Aaction%3Dlightbox%26settings%3DeyJpZCI6MTA2MzUsInVybCI6Imh0dHBzOlwvXC93d3cudmlkZW9zdHJhaW5zLmNvbVwvd3AtY29udGVudFwvdXBsb2Fkc1wvMjAyNFwvMDNcL0lNR180Mzk0bS5hdmlmIiwic2xpZGVzaG93IjoiYWIxNjg1OSJ9\" href='https:\/\/www.videostrains.com\/wp-content\/uploads\/2024\/03\/IMG_4394m.avif'><img decoding=\"async\" src=\"https:\/\/www.videostrains.com\/wp-content\/uploads\/2024\/03\/IMG_4394m.avif\" class=\"attachment-full size-full\" alt=\"X73500\" aria-describedby=\"gallery-1-10635\" \/><\/a>\n\t\t\t<\/div>\n\t\t\t\t<figcaption class='wp-caption-text gallery-caption' id='gallery-1-10635'>\n\t\t\t\ton retrouve une derni\u00e8re fois G\u00e9rald et son Train Ter  N\u00b0885680 avec X73663 &#038; X73616 Train Grenoble  Gap \u00e0 Aspres sur Bu\u00ebch:\n\t\t\t\t<\/figcaption><\/figure><figure class='gallery-item'>\n\t\t\t<div class='gallery-icon '>\n\t\t\t\t<a data-elementor-open-lightbox=\"yes\" data-elementor-lightbox-slideshow=\"ab16859\" data-elementor-lightbox-title=\"X73500 Gap - Grenoble au Poteau St Luc\" data-elementor-lightbox-description=\"X73500 Gap - Grenoble au Poteau St Luc\" data-e-action-hash=\"#elementor-action%3Aaction%3Dlightbox%26settings%3DeyJpZCI6MTA2MzIsInVybCI6Imh0dHBzOlwvXC93d3cudmlkZW9zdHJhaW5zLmNvbVwvd3AtY29udGVudFwvdXBsb2Fkc1wvMjAyNFwvMDNcL0RKSV8wMjk0bS5hdmlmIiwic2xpZGVzaG93IjoiYWIxNjg1OSJ9\" href='https:\/\/www.videostrains.com\/wp-content\/uploads\/2024\/03\/DJI_0294m.avif'><img decoding=\"async\" src=\"https:\/\/www.videostrains.com\/wp-content\/uploads\/2024\/03\/DJI_0294m.avif\" class=\"attachment-full size-full\" alt=\"X73500 Gap - Grenoble au Poteau St Luc\" aria-describedby=\"gallery-1-10632\" \/><\/a>\n\t\t\t<\/div>\n\t\t\t\t<figcaption class='wp-caption-text gallery-caption' id='gallery-1-10632'>\n\t\t\t\tEnsuite,on a tout juste le temps de se rendre \u00e0 la bifurcation du Poteau St Luc afin de faire \u00e0 l&rsquo;arrache le Gap Grenoble:  N\u00b0 885664,lui aussi en Ater:\n\t\t\t\t<\/figcaption><\/figure><figure class='gallery-item'>\n\t\t\t<div class='gallery-icon '>\n\t\t\t\t<a data-elementor-open-lightbox=\"yes\" data-elementor-lightbox-slideshow=\"ab16859\" data-elementor-lightbox-title=\"X72500 Sisteron\" data-elementor-lightbox-description=\"X72500 Sisteron\" data-e-action-hash=\"#elementor-action%3Aaction%3Dlightbox%26settings%3DeyJpZCI6MTA2MzYsInVybCI6Imh0dHBzOlwvXC93d3cudmlkZW9zdHJhaW5zLmNvbVwvd3AtY29udGVudFwvdXBsb2Fkc1wvMjAyNFwvMDNcL0lNR180Mzk5bS5hdmlmIiwic2xpZGVzaG93IjoiYWIxNjg1OSJ9\" href='https:\/\/www.videostrains.com\/wp-content\/uploads\/2024\/03\/IMG_4399m.avif'><img decoding=\"async\" src=\"https:\/\/www.videostrains.com\/wp-content\/uploads\/2024\/03\/IMG_4399m.avif\" class=\"attachment-full size-full\" alt=\"X72500 Sisteron\" aria-describedby=\"gallery-1-10636\" \/><\/a>\n\t\t\t<\/div>\n\t\t\t\t<figcaption class='wp-caption-text gallery-caption' id='gallery-1-10636'>\n\t\t\t\tMaintenant,on poursuit la route vers le sud.N&rsquo;ayant pas trouv\u00e9 de coin int\u00e9ressant entre Serres et Sisteron,on se contentera  de la gare de cette ville pour faire le croisement de deux Xter Marseille <---> Brian\u00e7on,avec la traditionelle livr\u00e9e Paca Tag:\n\t\t\t\t<\/figcaption><\/figure><figure class='gallery-item'>\n\t\t\t<div class='gallery-icon '>\n\t\t\t\t<a data-elementor-open-lightbox=\"yes\" data-elementor-lightbox-slideshow=\"ab16859\" data-elementor-lightbox-title=\"X72500 Sisteron\" data-elementor-lightbox-description=\"X72500 Sisteron\" data-e-action-hash=\"#elementor-action%3Aaction%3Dlightbox%26settings%3DeyJpZCI6MTA2MzcsInVybCI6Imh0dHBzOlwvXC93d3cudmlkZW9zdHJhaW5zLmNvbVwvd3AtY29udGVudFwvdXBsb2Fkc1wvMjAyNFwvMDNcL0lNR180NDAzbS5hdmlmIiwic2xpZGVzaG93IjoiYWIxNjg1OSJ9\" href='https:\/\/www.videostrains.com\/wp-content\/uploads\/2024\/03\/IMG_4403m.avif'><img decoding=\"async\" src=\"https:\/\/www.videostrains.com\/wp-content\/uploads\/2024\/03\/IMG_4403m.avif\" class=\"attachment-full size-full\" alt=\"X72500 Sisteron\" aria-describedby=\"gallery-1-10637\" \/><\/a>\n\t\t\t<\/div>\n\t\t\t\t<figcaption class='wp-caption-text gallery-caption' id='gallery-1-10637'>\n\t\t\t\tX72500 Sisteron\n\t\t\t\t<\/figcaption><\/figure><figure class='gallery-item'>\n\t\t\t<div class='gallery-icon '>\n\t\t\t\t<a data-elementor-open-lightbox=\"yes\" data-elementor-lightbox-slideshow=\"ab16859\" data-elementor-lightbox-title=\"X72500 Sisteron\" data-elementor-lightbox-description=\"X72500 Sisteron\" data-e-action-hash=\"#elementor-action%3Aaction%3Dlightbox%26settings%3DeyJpZCI6MTA2MzgsInVybCI6Imh0dHBzOlwvXC93d3cudmlkZW9zdHJhaW5zLmNvbVwvd3AtY29udGVudFwvdXBsb2Fkc1wvMjAyNFwvMDNcL0lNR180NDA4bS5hdmlmIiwic2xpZGVzaG93IjoiYWIxNjg1OSJ9\" href='https:\/\/www.videostrains.com\/wp-content\/uploads\/2024\/03\/IMG_4408m.avif'><img decoding=\"async\" src=\"https:\/\/www.videostrains.com\/wp-content\/uploads\/2024\/03\/IMG_4408m.avif\" class=\"attachment-full size-full\" alt=\"X72500 Sisteron\" aria-describedby=\"gallery-1-10638\" \/><\/a>\n\t\t\t<\/div>\n\t\t\t\t<figcaption class='wp-caption-text gallery-caption' id='gallery-1-10638'>\n\t\t\t\tX72500 Sisteron\n\t\t\t\t<\/figcaption><\/figure><figure class='gallery-item'>\n\t\t\t<div class='gallery-icon '>\n\t\t\t\t<a data-elementor-open-lightbox=\"yes\" data-elementor-lightbox-slideshow=\"ab16859\" data-elementor-lightbox-title=\"La ligne des Alpes\" data-elementor-lightbox-description=\"La ligne des Alpes\" data-e-action-hash=\"#elementor-action%3Aaction%3Dlightbox%26settings%3DeyJpZCI6MTA2MzksInVybCI6Imh0dHBzOlwvXC93d3cudmlkZW9zdHJhaW5zLmNvbVwvd3AtY29udGVudFwvdXBsb2Fkc1wvMjAyNFwvMDNcL0lNR180NDE0bS5hdmlmIiwic2xpZGVzaG93IjoiYWIxNjg1OSJ9\" href='https:\/\/www.videostrains.com\/wp-content\/uploads\/2024\/03\/IMG_4414m.avif'><img decoding=\"async\" src=\"https:\/\/www.videostrains.com\/wp-content\/uploads\/2024\/03\/IMG_4414m.avif\" class=\"attachment-full size-full\" alt=\"La ligne des Alpes\" aria-describedby=\"gallery-1-10639\" \/><\/a>\n\t\t\t<\/div>\n\t\t\t\t<figcaption class='wp-caption-text gallery-caption' id='gallery-1-10639'>\n\t\t\t\tEn allant faire un tour \u00e0 Digne,un arr\u00eat au milieu de nulle part pour photographier ce qu&rsquo;il reste de la ligne ou passait l&rsquo;Alpazur;  nous sommes \u00e0 une dizaine de Km de Digne les Bains.  Vue en direction de Grenoble\/Sisteron:\n\t\t\t\t<\/figcaption><\/figure><figure class='gallery-item'>\n\t\t\t<div class='gallery-icon '>\n\t\t\t\t<a data-elementor-open-lightbox=\"yes\" data-elementor-lightbox-slideshow=\"ab16859\" data-elementor-lightbox-title=\"La ligne des Alpes\" data-elementor-lightbox-description=\"La ligne des Alpes\" data-e-action-hash=\"#elementor-action%3Aaction%3Dlightbox%26settings%3DeyJpZCI6MTA2NDAsInVybCI6Imh0dHBzOlwvXC93d3cudmlkZW9zdHJhaW5zLmNvbVwvd3AtY29udGVudFwvdXBsb2Fkc1wvMjAyNFwvMDNcL0lNR180NDE2bS5hdmlmIiwic2xpZGVzaG93IjoiYWIxNjg1OSJ9\" href='https:\/\/www.videostrains.com\/wp-content\/uploads\/2024\/03\/IMG_4416m.avif'><img decoding=\"async\" src=\"https:\/\/www.videostrains.com\/wp-content\/uploads\/2024\/03\/IMG_4416m.avif\" class=\"attachment-full size-full\" alt=\"La ligne des Alpes\" aria-describedby=\"gallery-1-10640\" \/><\/a>\n\t\t\t<\/div>\n\t\t\t\t<figcaption class='wp-caption-text gallery-caption' id='gallery-1-10640'>\n\t\t\t\tVue en directions de Digne:\n\t\t\t\t<\/figcaption><\/figure><figure class='gallery-item'>\n\t\t\t<div class='gallery-icon '>\n\t\t\t\t<a data-elementor-open-lightbox=\"yes\" data-elementor-lightbox-slideshow=\"ab16859\" data-elementor-lightbox-title=\"Train Entrevaux\" data-elementor-lightbox-description=\"Train Entrevaux\" data-e-action-hash=\"#elementor-action%3Aaction%3Dlightbox%26settings%3DeyJpZCI6MTA2NDEsInVybCI6Imh0dHBzOlwvXC93d3cudmlkZW9zdHJhaW5zLmNvbVwvd3AtY29udGVudFwvdXBsb2Fkc1wvMjAyNFwvMDNcL0lNR180NDU0bS5hdmlmIiwic2xpZGVzaG93IjoiYWIxNjg1OSJ9\" href='https:\/\/www.videostrains.com\/wp-content\/uploads\/2024\/03\/IMG_4454m.avif'><img decoding=\"async\" src=\"https:\/\/www.videostrains.com\/wp-content\/uploads\/2024\/03\/IMG_4454m.avif\" class=\"attachment-full size-full\" alt=\"Train Entrevaux\" aria-describedby=\"gallery-1-10641\" \/><\/a>\n\t\t\t<\/div>\n\t\t\t\t<figcaption class='wp-caption-text gallery-caption' id='gallery-1-10641'>\n\t\t\t\tLe lendemain on reprend la route pour Nice,malheureusement sans pouvoir faire le train CP,  car la ligne est partiellement ferm\u00e9e pour travaux.  On se contente tout de m\u00eame d&rsquo;un arr\u00eat pour quelques photos \u00e0 Entrevaux,o\u00f9 les artistes locaux se sont fait plaisir sur le mat\u00e9riel radi\u00e9:\n\t\t\t\t<\/figcaption><\/figure><figure class='gallery-item'>\n\t\t\t<div class='gallery-icon '>\n\t\t\t\t<a data-elementor-open-lightbox=\"yes\" data-elementor-lightbox-slideshow=\"ab16859\" data-elementor-lightbox-title=\"Train Entrevaux\" data-elementor-lightbox-description=\"Train Entrevaux\" data-e-action-hash=\"#elementor-action%3Aaction%3Dlightbox%26settings%3DeyJpZCI6MTA2NDIsInVybCI6Imh0dHBzOlwvXC93d3cudmlkZW9zdHJhaW5zLmNvbVwvd3AtY29udGVudFwvdXBsb2Fkc1wvMjAyNFwvMDNcL0lNR180NDU2bS5hdmlmIiwic2xpZGVzaG93IjoiYWIxNjg1OSJ9\" href='https:\/\/www.videostrains.com\/wp-content\/uploads\/2024\/03\/IMG_4456m.avif'><img decoding=\"async\" src=\"https:\/\/www.videostrains.com\/wp-content\/uploads\/2024\/03\/IMG_4456m.avif\" class=\"attachment-full size-full\" alt=\"\" aria-describedby=\"gallery-1-10642\"><\/a>\n\t\t\t<\/div>\n\t\t\t\t<figcaption class='wp-caption-text gallery-caption' id='gallery-1-10642'>\n\t\t\t\tTrain Entrevaux\n\t\t\t\t<\/figcaption><\/figure>\n\t\t<\/div>\n\t\t<\/div>\n\t\t\t\t\t\t<\/div>\n\t\t\t\t<\/div>\n\t\t\t\t\t<\/div>\n\t\t<\/div>\n\t\t\t\t\t<\/div>\n\t\t<\/section>\n\t\t\t\t\t<\/div>\n\t\t<\/div>\n\t\t\t\t\t<\/div>\n\t\t<\/section>\n\t\t\t\t<\/div>\n\t\t","protected":false},"excerpt":{"rendered":"<p>photos ferroviaires de trains donz\u00e8re d\u00e9fil\u00e9 Trains sur la ligne des Alpes en Mai 2019 Mai 2019,\u00e0 l&rsquo;occasion d&rsquo;un s\u00e9jour sur la c\u00f4te d&rsquo;azur,j&rsquo;en profite pour faire quelques photos ferroviaires. Je d\u00e9cide tout d&rsquo;abord d&#8217;emprunter la route Napol\u00e9on,bien plus tranquille que la vall\u00e9e du Rh\u00f4ne. Ce sera bien sur l&rsquo;occasion de faire quelques arr\u00eats photos,\u00e0 commencer par la ligne des Alpes. En se rendant sur Nice en passant par la route Napol\u00e9on,on en profite pour faire une halte \u00e0 Clelles avec la c\u00e9l\u00e8bre vue sur le Mont Aiguille.Certes,ce sont de banales Ater,mais la vue en vaut la peine. Train Ter N\u00b0885680 avec X73663 &#038; X73616 Train Grenoble Gap \u00e0 Clelles Nous retrouvons sans peine \u00e0 Lus la Croix haute,le train avec le sympathique G\u00e9rald aux commandes: Train Ter N\u00b0885680 avec X73663 &#038; X73616 Train Grenoble Gap on retrouve une derni\u00e8re fois G\u00e9rald et son Train Ter N\u00b0885680 avec X73663 &#038; X73616 Train Grenoble Gap \u00e0 Aspres sur Bu\u00ebch: Ensuite,on a tout juste le temps de se rendre \u00e0 la bifurcation du Poteau St Luc afin de faire \u00e0 l&rsquo;arrache le Gap Grenoble: N\u00b0 885664,lui aussi en Ater: Maintenant,on poursuit la route vers le sud.N&rsquo;ayant pas trouv\u00e9 de coin int\u00e9ressant entre Serres et Sisteron,on se contentera de la gare de cette ville pour faire le croisement de deux Xter Marseille Brian\u00e7on,avec la traditionelle livr\u00e9e Paca Tag: X72500 Sisteron X72500 Sisteron En allant faire un tour \u00e0 Digne,un arr\u00eat au milieu de nulle part pour photographier ce qu&rsquo;il reste de la ligne ou passait l&rsquo;Alpazur; nous sommes \u00e0 une dizaine de Km de Digne les Bains. Vue en direction de Grenoble\/Sisteron: Vue en directions de Digne: Le lendemain on reprend la route pour Nice,malheureusement sans pouvoir faire le train CP, car la ligne est partiellement ferm\u00e9e pour travaux. On se contente tout de m\u00eame d&rsquo;un arr\u00eat pour quelques photos \u00e0 Entrevaux,o\u00f9 les artistes locaux se sont fait plaisir sur le mat\u00e9riel radi\u00e9: Train Entrevaux<\/p>\n","protected":false},"author":2,"featured_media":0,"parent":0,"menu_order":74,"comment_status":"closed","ping_status":"closed","template":"","meta":{"ocean_post_layout":"","ocean_both_sidebars_style":"","ocean_both_sidebars_content_width":0,"ocean_both_sidebars_sidebars_width":0,"ocean_sidebar":"0","ocean_second_sidebar":"0","ocean_disable_margins":"enable","ocean_add_body_class":"","ocean_shortcode_before_top_bar":"","ocean_shortcode_after_top_bar":"","ocean_shortcode_before_header":"","ocean_shortcode_after_header":"","ocean_has_shortcode":"","ocean_shortcode_after_title":"","ocean_shortcode_before_footer_widgets":"","ocean_shortcode_after_footer_widgets":"","ocean_shortcode_before_footer_bottom":"","ocean_shortcode_after_footer_bottom":"","ocean_display_top_bar":"default","ocean_display_header":"default","ocean_header_style":"","ocean_center_header_left_menu":"0","ocean_custom_header_template":"0","ocean_custom_logo":0,"ocean_custom_retina_logo":0,"ocean_custom_logo_max_width":0,"ocean_custom_logo_tablet_max_width":0,"ocean_custom_logo_mobile_max_width":0,"ocean_custom_logo_max_height":0,"ocean_custom_logo_tablet_max_height":0,"ocean_custom_logo_mobile_max_height":0,"ocean_header_custom_menu":"0","ocean_menu_typo_font_family":"0","ocean_menu_typo_font_subset":"","ocean_menu_typo_font_size":0,"ocean_menu_typo_font_size_tablet":0,"ocean_menu_typo_font_size_mobile":0,"ocean_menu_typo_font_size_unit":"px","ocean_menu_typo_font_weight":"","ocean_menu_typo_font_weight_tablet":"","ocean_menu_typo_font_weight_mobile":"","ocean_menu_typo_transform":"","ocean_menu_typo_transform_tablet":"","ocean_menu_typo_transform_mobile":"","ocean_menu_typo_line_height":0,"ocean_menu_typo_line_height_tablet":0,"ocean_menu_typo_line_height_mobile":0,"ocean_menu_typo_line_height_unit":"","ocean_menu_typo_spacing":0,"ocean_menu_typo_spacing_tablet":0,"ocean_menu_typo_spacing_mobile":0,"ocean_menu_typo_spacing_unit":"","ocean_menu_link_color":"","ocean_menu_link_color_hover":"","ocean_menu_link_color_active":"","ocean_menu_link_background":"","ocean_menu_link_hover_background":"","ocean_menu_link_active_background":"","ocean_menu_social_links_bg":"","ocean_menu_social_hover_links_bg":"","ocean_menu_social_links_color":"","ocean_menu_social_hover_links_color":"","ocean_disable_title":"default","ocean_disable_heading":"default","ocean_post_title":"","ocean_post_subheading":"","ocean_post_title_style":"","ocean_post_title_background_color":"","ocean_post_title_background":0,"ocean_post_title_bg_image_position":"","ocean_post_title_bg_image_attachment":"","ocean_post_title_bg_image_repeat":"","ocean_post_title_bg_image_size":"","ocean_post_title_height":0,"ocean_post_title_bg_overlay":0.5,"ocean_post_title_bg_overlay_color":"","ocean_disable_breadcrumbs":"default","ocean_breadcrumbs_color":"","ocean_breadcrumbs_separator_color":"","ocean_breadcrumbs_links_color":"","ocean_breadcrumbs_links_hover_color":"","ocean_display_footer_widgets":"default","ocean_display_footer_bottom":"default","ocean_custom_footer_template":"0","footnotes":""},"class_list":["post-10620","page","type-page","status-publish","hentry","entry"],"_links":{"self":[{"href":"https:\/\/www.videostrains.com\/index.php\/wp-json\/wp\/v2\/pages\/10620","targetHints":{"allow":["GET"]}}],"collection":[{"href":"https:\/\/www.videostrains.com\/index.php\/wp-json\/wp\/v2\/pages"}],"about":[{"href":"https:\/\/www.videostrains.com\/index.php\/wp-json\/wp\/v2\/types\/page"}],"author":[{"embeddable":true,"href":"https:\/\/www.videostrains.com\/index.php\/wp-json\/wp\/v2\/users\/2"}],"replies":[{"embeddable":true,"href":"https:\/\/www.videostrains.com\/index.php\/wp-json\/wp\/v2\/comments?post=10620"}],"version-history":[{"count":0,"href":"https:\/\/www.videostrains.com\/index.php\/wp-json\/wp\/v2\/pages\/10620\/revisions"}],"wp:attachment":[{"href":"https:\/\/www.videostrains.com\/index.php\/wp-json\/wp\/v2\/media?parent=10620"}],"curies":[{"name":"wp","href":"https:\/\/api.w.org\/{rel}","templated":true}]}}